{"id":2658,"date":"2022-09-11T15:15:01","date_gmt":"2022-09-11T15:15:01","guid":{"rendered":"http:\/\/jezdziectwobezprzemocy.pl\/?page_id=2658"},"modified":"2023-03-28T17:47:00","modified_gmt":"2023-03-28T17:47:00","slug":"rr-trainers","status":"publish","type":"page","link":"https:\/\/www.jezdziectwobezprzemocy.pl\/index.php\/rr-trainers\/","title":{"rendered":"NAJBLI\u017bSZE WEBINARY I SZKOLENIA"},"content":{"rendered":"\t\t<div data-elementor-type=\"wp-page\" data-elementor-id=\"2658\" class=\"elementor elementor-2658\">\n\t\t\t\t\t\t<section class=\"elementor-section elementor-top-section elementor-element elementor-element-fae450a elementor-section-boxed elementor-section-height-default elementor-section-height-default\" data-id=\"fae450a\" data-element_type=\"section\" data-e-type=\"section\">\n\t\t\t\t\t\t<div class=\"elementor-container elementor-column-gap-default\">\n\t\t\t\t\t<div class=\"elementor-column elementor-col-100 elementor-top-column elementor-element elementor-element-1265928\" data-id=\"1265928\" data-element_type=\"column\" data-e-type=\"column\">\n\t\t\t<div class=\"elementor-widget-wrap elementor-element-populated\">\n\t\t\t\t\t\t<div class=\"elementor-element elementor-element-132ef6d elementor-widget elementor-widget-heading\" data-id=\"132ef6d\" data-element_type=\"widget\" data-e-type=\"widget\" data-widget_type=\"heading.default\">\n\t\t\t\t<div class=\"elementor-widget-container\">\n\t\t\t\t\t<h2 class=\"elementor-heading-title elementor-size-default\">2023<\/h2>\t\t\t\t<\/div>\n\t\t\t\t<\/div>\n\t\t\t\t\t<\/div>\n\t\t<\/div>\n\t\t\t\t\t<\/div>\n\t\t<\/section>\n\t\t\t\t<section class=\"elementor-section elementor-top-section elementor-element elementor-element-048943f elementor-section-boxed elementor-section-height-default elementor-section-height-default\" data-id=\"048943f\" data-element_type=\"section\" data-e-type=\"section\">\n\t\t\t\t\t\t<div class=\"elementor-container elementor-column-gap-default\">\n\t\t\t\t\t<div class=\"elementor-column elementor-col-50 elementor-top-column elementor-element elementor-element-e6a4f5c\" data-id=\"e6a4f5c\" data-element_type=\"column\" data-e-type=\"column\">\n\t\t\t<div class=\"elementor-widget-wrap elementor-element-populated\">\n\t\t\t\t\t\t<div class=\"elementor-element elementor-element-0fa108d elementor-position-top elementor-widget elementor-widget-image-box\" data-id=\"0fa108d\" data-element_type=\"widget\" data-e-type=\"widget\" data-widget_type=\"image-box.default\">\n\t\t\t\t<div class=\"elementor-widget-container\">\n\t\t\t\t\t<div class=\"elementor-image-box-wrapper\"><figure class=\"elementor-image-box-img\"><a href=\"https:\/\/fb.me\/e\/2Bsg78RvD\" target=\"_blank\" tabindex=\"-1\"><img fetchpriority=\"high\" decoding=\"async\" width=\"1624\" height=\"696\" src=\"image\/gif;base64,R0lGODlhAQABAAAAACH5BAEKAAEALAAAAAABAAEAAAICTAEAOw==\" class=\"attachment-full size-full wp-image-2822 thb-lazyload lazyload\" alt=\"\" data-src=\"https:\/\/www.jezdziectwobezprzemocy.pl\/wp-content\/uploads\/2023\/02\/rolka1.png\" data-sizes=\"auto\" data-srcset=\"https:\/\/www.jezdziectwobezprzemocy.pl\/wp-content\/uploads\/2023\/02\/rolka1.png 1624w, https:\/\/www.jezdziectwobezprzemocy.pl\/wp-content\/uploads\/2023\/02\/rolka1-300x129.png 300w, https:\/\/www.jezdziectwobezprzemocy.pl\/wp-content\/uploads\/2023\/02\/rolka1-1024x439.png 1024w, https:\/\/www.jezdziectwobezprzemocy.pl\/wp-content\/uploads\/2023\/02\/rolka1-768x329.png 768w, https:\/\/www.jezdziectwobezprzemocy.pl\/wp-content\/uploads\/2023\/02\/rolka1-1536x658.png 1536w, https:\/\/www.jezdziectwobezprzemocy.pl\/wp-content\/uploads\/2023\/02\/rolka1-370x159.png 370w, https:\/\/www.jezdziectwobezprzemocy.pl\/wp-content\/uploads\/2023\/02\/rolka1-800x343.png 800w, https:\/\/www.jezdziectwobezprzemocy.pl\/wp-content\/uploads\/2023\/02\/rolka1-740x317.png 740w, https:\/\/www.jezdziectwobezprzemocy.pl\/wp-content\/uploads\/2023\/02\/rolka1-20x9.png 20w, https:\/\/www.jezdziectwobezprzemocy.pl\/wp-content\/uploads\/2023\/02\/rolka1-1600x686.png 1600w, https:\/\/www.jezdziectwobezprzemocy.pl\/wp-content\/uploads\/2023\/02\/rolka1-600x257.png 600w, https:\/\/www.jezdziectwobezprzemocy.pl\/wp-content\/uploads\/2023\/02\/rolka1-112x48.png 112w\" \/><\/a><\/figure><div class=\"elementor-image-box-content\"><h3 class=\"elementor-image-box-title\"><a href=\"https:\/\/fb.me\/e\/2Bsg78RvD\" target=\"_blank\">Webinar wprowadzaj\u0105cy: zrozumienie siebie w drodze do porozumienia z koniem<\/a><\/h3><p class=\"elementor-image-box-description\">Spotkanie on-line dla je\u017ad\u017ac\u00f3w, zawodnik\u00f3w, trener\u00f3w, rodzic\u00f3w<\/p><\/div><\/div>\t\t\t\t<\/div>\n\t\t\t\t<\/div>\n\t\t\t\t\t<\/div>\n\t\t<\/div>\n\t\t\t\t<div class=\"elementor-column elementor-col-50 elementor-top-column elementor-element elementor-element-ed16739\" data-id=\"ed16739\" data-element_type=\"column\" data-e-type=\"column\">\n\t\t\t<div class=\"elementor-widget-wrap elementor-element-populated\">\n\t\t\t\t\t\t<div class=\"elementor-element elementor-element-a8f90a6 elementor-widget elementor-widget-heading\" data-id=\"a8f90a6\" data-element_type=\"widget\" data-e-type=\"widget\" data-widget_type=\"heading.default\">\n\t\t\t\t<div class=\"elementor-widget-container\">\n\t\t\t\t\t<h2 class=\"elementor-heading-title elementor-size-medium\">6.03.2023 godz.19:00 - 20:30<br><br>brak limitu miejsc<br><br>bezp\u0142atny<br><br>zapisz si\u0119 &gt;<\/h2>\t\t\t\t<\/div>\n\t\t\t\t<\/div>\n\t\t\t\t\t<\/div>\n\t\t<\/div>\n\t\t\t\t\t<\/div>\n\t\t<\/section>\n\t\t\t\t<section class=\"elementor-section elementor-top-section elementor-element elementor-element-3b09862 elementor-section-boxed elementor-section-height-default elementor-section-height-default\" data-id=\"3b09862\" data-element_type=\"section\" data-e-type=\"section\">\n\t\t\t\t\t\t<div class=\"elementor-container elementor-column-gap-default\">\n\t\t\t\t\t<div class=\"elementor-column elementor-col-100 elementor-top-column elementor-element elementor-element-0a8c312\" data-id=\"0a8c312\" data-element_type=\"column\" data-e-type=\"column\">\n\t\t\t<div class=\"elementor-widget-wrap elementor-element-populated\">\n\t\t\t\t\t\t<div class=\"elementor-element elementor-element-cc04173 elementor-widget elementor-widget-spacer\" data-id=\"cc04173\" data-element_type=\"widget\" data-e-type=\"widget\" data-widget_type=\"spacer.default\">\n\t\t\t\t<div class=\"elementor-widget-container\">\n\t\t\t\t\t\t\t<div class=\"elementor-spacer\">\n\t\t\t<div class=\"elementor-spacer-inner\"><\/div>\n\t\t<\/div>\n\t\t\t\t\t\t<\/div>\n\t\t\t\t<\/div>\n\t\t\t\t\t<\/div>\n\t\t<\/div>\n\t\t\t\t\t<\/div>\n\t\t<\/section>\n\t\t\t\t<section class=\"elementor-section elementor-top-section elementor-element elementor-element-1126a8d elementor-section-boxed elementor-section-height-default elementor-section-height-default\" data-id=\"1126a8d\" data-element_type=\"section\" data-e-type=\"section\">\n\t\t\t\t\t\t<div class=\"elementor-container elementor-column-gap-default\">\n\t\t\t\t\t<div class=\"elementor-column elementor-col-50 elementor-top-column elementor-element elementor-element-bb264c3\" data-id=\"bb264c3\" data-element_type=\"column\" data-e-type=\"column\">\n\t\t\t<div class=\"elementor-widget-wrap elementor-element-populated\">\n\t\t\t\t\t\t<div class=\"elementor-element elementor-element-fb8710c elementor-position-top elementor-widget elementor-widget-image-box\" data-id=\"fb8710c\" data-element_type=\"widget\" data-e-type=\"widget\" data-widget_type=\"image-box.default\">\n\t\t\t\t<div class=\"elementor-widget-container\">\n\t\t\t\t\t<div class=\"elementor-image-box-wrapper\"><figure class=\"elementor-image-box-img\"><img decoding=\"async\" width=\"1624\" height=\"696\" src=\"image\/gif;base64,R0lGODlhAQABAAAAACH5BAEKAAEALAAAAAABAAEAAAICTAEAOw==\" class=\"attachment-full size-full wp-image-3197 thb-lazyload lazyload\" alt=\"\" data-src=\"https:\/\/www.jezdziectwobezprzemocy.pl\/wp-content\/uploads\/2023\/03\/networking3042023.png\" data-sizes=\"auto\" data-srcset=\"https:\/\/www.jezdziectwobezprzemocy.pl\/wp-content\/uploads\/2023\/03\/networking3042023.png 1624w, https:\/\/www.jezdziectwobezprzemocy.pl\/wp-content\/uploads\/2023\/03\/networking3042023-300x129.png 300w, https:\/\/www.jezdziectwobezprzemocy.pl\/wp-content\/uploads\/2023\/03\/networking3042023-1024x439.png 1024w, https:\/\/www.jezdziectwobezprzemocy.pl\/wp-content\/uploads\/2023\/03\/networking3042023-768x329.png 768w, https:\/\/www.jezdziectwobezprzemocy.pl\/wp-content\/uploads\/2023\/03\/networking3042023-1536x658.png 1536w, https:\/\/www.jezdziectwobezprzemocy.pl\/wp-content\/uploads\/2023\/03\/networking3042023-370x159.png 370w, https:\/\/www.jezdziectwobezprzemocy.pl\/wp-content\/uploads\/2023\/03\/networking3042023-800x343.png 800w, https:\/\/www.jezdziectwobezprzemocy.pl\/wp-content\/uploads\/2023\/03\/networking3042023-740x317.png 740w, https:\/\/www.jezdziectwobezprzemocy.pl\/wp-content\/uploads\/2023\/03\/networking3042023-20x9.png 20w, https:\/\/www.jezdziectwobezprzemocy.pl\/wp-content\/uploads\/2023\/03\/networking3042023-1600x686.png 1600w, https:\/\/www.jezdziectwobezprzemocy.pl\/wp-content\/uploads\/2023\/03\/networking3042023-112x48.png 112w\" \/><\/figure><div class=\"elementor-image-box-content\"><h3 class=\"elementor-image-box-title\">Spotkanie networkingowe online<\/h3><p class=\"elementor-image-box-description\">Spotkanie on-line dla je\u017ad\u017ac\u00f3w, zawodnik\u00f3w, trener\u00f3w, rodzic\u00f3w<\/p><\/div><\/div>\t\t\t\t<\/div>\n\t\t\t\t<\/div>\n\t\t\t\t\t<\/div>\n\t\t<\/div>\n\t\t\t\t<div class=\"elementor-column elementor-col-50 elementor-top-column elementor-element elementor-element-3a4511b\" data-id=\"3a4511b\" data-element_type=\"column\" data-e-type=\"column\">\n\t\t\t<div class=\"elementor-widget-wrap elementor-element-populated\">\n\t\t\t\t\t\t<div class=\"elementor-element elementor-element-b7bc08b elementor-widget elementor-widget-heading\" data-id=\"b7bc08b\" data-element_type=\"widget\" data-e-type=\"widget\" data-widget_type=\"heading.default\">\n\t\t\t\t<div class=\"elementor-widget-container\">\n\t\t\t\t\t<h2 class=\"elementor-heading-title elementor-size-medium\"><br>3.04.2023 godz.19:30 - 21:00<br><br>brak limitu miejsc<br><br>           bezp\u0142atne<br><\/h2>\t\t\t\t<\/div>\n\t\t\t\t<\/div>\n\t\t\t\t<div class=\"elementor-element elementor-element-e4e889f elementor-align-center elementor-widget elementor-widget-button\" data-id=\"e4e889f\" data-element_type=\"widget\" data-e-type=\"widget\" data-widget_type=\"button.default\">\n\t\t\t\t<div class=\"elementor-widget-container\">\n\t\t\t\t\t\t\t\t\t<div class=\"elementor-button-wrapper\">\n\t\t\t\t\t<a class=\"elementor-button elementor-button-link elementor-size-lg\" href=\"https:\/\/dashboard.mailerlite.com\/forms\/326733\/81920210921063487\/share\">\n\t\t\t\t\t\t<span class=\"elementor-button-content-wrapper\">\n\t\t\t\t\t\t\t\t\t<span class=\"elementor-button-text\">Zapisz si\u0119<\/span>\n\t\t\t\t\t<\/span>\n\t\t\t\t\t<\/a>\n\t\t\t\t<\/div>\n\t\t\t\t\t\t\t\t<\/div>\n\t\t\t\t<\/div>\n\t\t\t\t\t<\/div>\n\t\t<\/div>\n\t\t\t\t\t<\/div>\n\t\t<\/section>\n\t\t\t\t<section class=\"elementor-section elementor-top-section elementor-element elementor-element-b099bbc elementor-section-boxed elementor-section-height-default elementor-section-height-default\" data-id=\"b099bbc\" data-element_type=\"section\" data-e-type=\"section\">\n\t\t\t\t\t\t<div class=\"elementor-container elementor-column-gap-default\">\n\t\t\t\t\t<div class=\"elementor-column elementor-col-100 elementor-top-column elementor-element elementor-element-d82f43b\" data-id=\"d82f43b\" data-element_type=\"column\" data-e-type=\"column\">\n\t\t\t<div class=\"elementor-widget-wrap elementor-element-populated\">\n\t\t\t\t\t\t<div class=\"elementor-element elementor-element-4516437 elementor-widget elementor-widget-spacer\" data-id=\"4516437\" data-element_type=\"widget\" data-e-type=\"widget\" data-widget_type=\"spacer.default\">\n\t\t\t\t<div class=\"elementor-widget-container\">\n\t\t\t\t\t\t\t<div class=\"elementor-spacer\">\n\t\t\t<div class=\"elementor-spacer-inner\"><\/div>\n\t\t<\/div>\n\t\t\t\t\t\t<\/div>\n\t\t\t\t<\/div>\n\t\t\t\t\t<\/div>\n\t\t<\/div>\n\t\t\t\t\t<\/div>\n\t\t<\/section>\n\t\t\t\t<section class=\"elementor-section elementor-top-section elementor-element elementor-element-cd92d9a elementor-section-boxed elementor-section-height-default elementor-section-height-default\" data-id=\"cd92d9a\" data-element_type=\"section\" data-e-type=\"section\">\n\t\t\t\t\t\t<div class=\"elementor-container elementor-column-gap-default\">\n\t\t\t\t\t<div class=\"elementor-column elementor-col-50 elementor-top-column elementor-element elementor-element-eca2323\" data-id=\"eca2323\" data-element_type=\"column\" data-e-type=\"column\">\n\t\t\t<div class=\"elementor-widget-wrap elementor-element-populated\">\n\t\t\t\t\t\t<div class=\"elementor-element elementor-element-ac45907 elementor-position-top elementor-widget elementor-widget-image-box\" data-id=\"ac45907\" data-element_type=\"widget\" data-e-type=\"widget\" data-widget_type=\"image-box.default\">\n\t\t\t\t<div class=\"elementor-widget-container\">\n\t\t\t\t\t<div class=\"elementor-image-box-wrapper\"><figure class=\"elementor-image-box-img\"><img decoding=\"async\" width=\"1624\" height=\"696\" src=\"image\/gif;base64,R0lGODlhAQABAAAAACH5BAEKAAEALAAAAAABAAEAAAICTAEAOw==\" class=\"attachment-full size-full wp-image-3036 thb-lazyload lazyload\" alt=\"\" data-src=\"https:\/\/www.jezdziectwobezprzemocy.pl\/wp-content\/uploads\/2023\/03\/11.png\" data-sizes=\"auto\" data-srcset=\"https:\/\/www.jezdziectwobezprzemocy.pl\/wp-content\/uploads\/2023\/03\/11.png 1624w, https:\/\/www.jezdziectwobezprzemocy.pl\/wp-content\/uploads\/2023\/03\/11-300x129.png 300w, https:\/\/www.jezdziectwobezprzemocy.pl\/wp-content\/uploads\/2023\/03\/11-1024x439.png 1024w, https:\/\/www.jezdziectwobezprzemocy.pl\/wp-content\/uploads\/2023\/03\/11-768x329.png 768w, https:\/\/www.jezdziectwobezprzemocy.pl\/wp-content\/uploads\/2023\/03\/11-1536x658.png 1536w, https:\/\/www.jezdziectwobezprzemocy.pl\/wp-content\/uploads\/2023\/03\/11-370x159.png 370w, https:\/\/www.jezdziectwobezprzemocy.pl\/wp-content\/uploads\/2023\/03\/11-800x343.png 800w, https:\/\/www.jezdziectwobezprzemocy.pl\/wp-content\/uploads\/2023\/03\/11-740x317.png 740w, https:\/\/www.jezdziectwobezprzemocy.pl\/wp-content\/uploads\/2023\/03\/11-20x9.png 20w, https:\/\/www.jezdziectwobezprzemocy.pl\/wp-content\/uploads\/2023\/03\/11-1600x686.png 1600w, https:\/\/www.jezdziectwobezprzemocy.pl\/wp-content\/uploads\/2023\/03\/11-600x257.png 600w, https:\/\/www.jezdziectwobezprzemocy.pl\/wp-content\/uploads\/2023\/03\/11-112x48.png 112w\" \/><\/figure><div class=\"elementor-image-box-content\"><h3 class=\"elementor-image-box-title\">Webinar: NVC i NVR w pracy trenera - NVR FOR TRAINERS<\/h3><p class=\"elementor-image-box-description\">Spotkanie on-line dla trener\u00f3w<\/p><\/div><\/div>\t\t\t\t<\/div>\n\t\t\t\t<\/div>\n\t\t\t\t\t<\/div>\n\t\t<\/div>\n\t\t\t\t<div class=\"elementor-column elementor-col-50 elementor-top-column elementor-element elementor-element-4a484f3\" data-id=\"4a484f3\" data-element_type=\"column\" data-e-type=\"column\">\n\t\t\t<div class=\"elementor-widget-wrap elementor-element-populated\">\n\t\t\t\t\t\t<div class=\"elementor-element elementor-element-6c4a8ad elementor-widget elementor-widget-heading\" data-id=\"6c4a8ad\" data-element_type=\"widget\" data-e-type=\"widget\" data-widget_type=\"heading.default\">\n\t\t\t\t<div class=\"elementor-widget-container\">\n\t\t\t\t\t<h2 class=\"elementor-heading-title elementor-size-medium\"><br>24.04.2023 godz. 20:00-21:30<br><br>brak limitu miejsc<br><br>koszt 70z\u0142<br><br>zapisz si\u0119 &gt;<\/h2>\t\t\t\t<\/div>\n\t\t\t\t<\/div>\n\t\t\t\t<div class=\"elementor-element elementor-element-d3cf825 elementor-align-center elementor-widget elementor-widget-button\" data-id=\"d3cf825\" data-element_type=\"widget\" data-e-type=\"widget\" data-widget_type=\"button.default\">\n\t\t\t\t<div class=\"elementor-widget-container\">\n\t\t\t\t\t\t\t\t\t<div class=\"elementor-button-wrapper\">\n\t\t\t\t\t<a class=\"elementor-button elementor-button-link elementor-size-lg\" href=\"https:\/\/dashboard.mailerlite.com\/forms\/326733\/81920210921063487\/share\">\n\t\t\t\t\t\t<span class=\"elementor-button-content-wrapper\">\n\t\t\t\t\t\t\t\t\t<span class=\"elementor-button-text\">Zapisz si\u0119<\/span>\n\t\t\t\t\t<\/span>\n\t\t\t\t\t<\/a>\n\t\t\t\t<\/div>\n\t\t\t\t\t\t\t\t<\/div>\n\t\t\t\t<\/div>\n\t\t\t\t\t<\/div>\n\t\t<\/div>\n\t\t\t\t\t<\/div>\n\t\t<\/section>\n\t\t\t\t<\/div>\n\t\t","protected":false},"excerpt":{"rendered":"<p>2023 Webinar wprowadzaj\u0105cy: zrozumienie siebie w drodze do porozumienia z koniem Spotkanie on-line dla je\u017ad\u017ac\u00f3w, zawodnik\u00f3w, trener\u00f3w, rodzic\u00f3w 6.03.2023 godz.19:00 &#8211; 20:30 brak limitu miejsc bezp\u0142atny zapisz si\u0119 &gt; Spotkanie networkingowe online Spotkanie on-line dla je\u017ad\u017ac\u00f3w, zawodnik\u00f3w, trener\u00f3w, rodzic\u00f3w 3.04.2023 godz.19:30 &#8211; 21:00 brak limitu miejsc bezp\u0142atne Zapisz si\u0119 Webinar: NVC i NVR w pracy&hellip;<\/p>\n","protected":false},"author":1,"featured_media":0,"parent":0,"menu_order":0,"comment_status":"closed","ping_status":"closed","template":"","meta":{"footnotes":""},"class_list":["post-2658","page","type-page","status-publish","hentry"],"_links":{"self":[{"href":"https:\/\/www.jezdziectwobezprzemocy.pl\/index.php\/wp-json\/wp\/v2\/pages\/2658","targetHints":{"allow":["GET"]}}],"collection":[{"href":"https:\/\/www.jezdziectwobezprzemocy.pl\/index.php\/wp-json\/wp\/v2\/pages"}],"about":[{"href":"https:\/\/www.jezdziectwobezprzemocy.pl\/index.php\/wp-json\/wp\/v2\/types\/page"}],"author":[{"embeddable":true,"href":"https:\/\/www.jezdziectwobezprzemocy.pl\/index.php\/wp-json\/wp\/v2\/users\/1"}],"replies":[{"embeddable":true,"href":"https:\/\/www.jezdziectwobezprzemocy.pl\/index.php\/wp-json\/wp\/v2\/comments?post=2658"}],"version-history":[{"count":55,"href":"https:\/\/www.jezdziectwobezprzemocy.pl\/index.php\/wp-json\/wp\/v2\/pages\/2658\/revisions"}],"predecessor-version":[{"id":3200,"href":"https:\/\/www.jezdziectwobezprzemocy.pl\/index.php\/wp-json\/wp\/v2\/pages\/2658\/revisions\/3200"}],"wp:attachment":[{"href":"https:\/\/www.jezdziectwobezprzemocy.pl\/index.php\/wp-json\/wp\/v2\/media?parent=2658"}],"curies":[{"name":"wp","href":"https:\/\/api.w.org\/{rel}","templated":true}]}}