{"id":2678,"date":"2022-09-11T16:16:08","date_gmt":"2022-09-11T16:16:08","guid":{"rendered":"http:\/\/jezdziectwobezprzemocy.pl\/?page_id=2678"},"modified":"2023-03-12T12:19:10","modified_gmt":"2023-03-12T12:19:10","slug":"strona-glowna","status":"publish","type":"page","link":"https:\/\/www.jezdziectwobezprzemocy.pl\/","title":{"rendered":"Strona g\u0142\u00f3wna"},"content":{"rendered":"\t\t<div data-elementor-type=\"wp-page\" data-elementor-id=\"2678\" class=\"elementor elementor-2678\">\n\t\t\t\t\t\t<section class=\"elementor-section elementor-top-section elementor-element elementor-element-5366fad elementor-section-boxed elementor-section-height-default elementor-section-height-default\" data-id=\"5366fad\" data-element_type=\"section\" data-e-type=\"section\">\n\t\t\t\t\t\t<div class=\"elementor-container elementor-column-gap-default\">\n\t\t\t\t\t<div class=\"elementor-column elementor-col-100 elementor-top-column elementor-element elementor-element-2c902e1\" data-id=\"2c902e1\" data-element_type=\"column\" data-e-type=\"column\">\n\t\t\t<div class=\"elementor-widget-wrap elementor-element-populated\">\n\t\t\t\t\t\t<div class=\"elementor-element elementor-element-0d68d09 elementor-arrows-position-inside elementor-pagination-position-outside elementor-widget elementor-widget-image-carousel\" data-id=\"0d68d09\" data-element_type=\"widget\" data-e-type=\"widget\" data-settings=\"{&quot;slides_to_show&quot;:&quot;1&quot;,&quot;navigation&quot;:&quot;both&quot;,&quot;autoplay&quot;:&quot;yes&quot;,&quot;pause_on_hover&quot;:&quot;yes&quot;,&quot;pause_on_interaction&quot;:&quot;yes&quot;,&quot;autoplay_speed&quot;:5000,&quot;infinite&quot;:&quot;yes&quot;,&quot;effect&quot;:&quot;slide&quot;,&quot;speed&quot;:500}\" data-widget_type=\"image-carousel.default\">\n\t\t\t\t<div class=\"elementor-widget-container\">\n\t\t\t\t\t\t\t<div class=\"elementor-image-carousel-wrapper swiper\" role=\"region\" aria-roledescription=\"carousel\" aria-label=\"Karuzela obrazk\u00f3w\" dir=\"ltr\">\n\t\t\t<div class=\"elementor-image-carousel swiper-wrapper\" aria-live=\"off\">\n\t\t\t\t\t\t\t\t<div class=\"swiper-slide\" role=\"group\" aria-roledescription=\"slide\" aria-label=\"1 of 2\"><a data-elementor-open-lightbox=\"yes\" data-elementor-lightbox-slideshow=\"0d68d09\" data-elementor-lightbox-title=\"baner webinar\" data-e-action-hash=\"#elementor-action%3Aaction%3Dlightbox%26settings%3DeyJpZCI6MzE3OSwidXJsIjoiaHR0cHM6XC9cL3d3dy5qZXpkemllY3R3b2JlenByemVtb2N5LnBsXC93cC1jb250ZW50XC91cGxvYWRzXC8yMDIzXC8wM1wvYmFuZXItd2ViaW5hci0xLnBuZyIsInNsaWRlc2hvdyI6IjBkNjhkMDkifQ%3D%3D\" href=\"https:\/\/dashboard.mailerlite.com\/forms\/326733\/82189285383473113\/share?fbclid=IwAR3cjlX_VmCKLwRIZ3rmNZGUYbhjwoEvL-s_VpWyrA9ZRcZJVBRM1gqPHHo\"><figure class=\"swiper-slide-inner\"><img decoding=\"async\" class=\"swiper-slide-image lazyload\" src=\"data:image\/gif;base64,R0lGODlhAQABAAAAACH5BAEKAAEALAAAAAABAAEAAAICTAEAOw==\" data-src=\"https:\/\/www.jezdziectwobezprzemocy.pl\/wp-content\/uploads\/2023\/03\/baner-webinar-1.png\" alt=\"baner webinar\" \/><\/figure><\/a><\/div><div class=\"swiper-slide\" role=\"group\" aria-roledescription=\"slide\" aria-label=\"2 of 2\"><a data-elementor-open-lightbox=\"yes\" data-elementor-lightbox-slideshow=\"0d68d09\" data-elementor-lightbox-title=\"ok\u0142adki na facebooka NVR\" data-e-action-hash=\"#elementor-action%3Aaction%3Dlightbox%26settings%3DeyJpZCI6MjkyNCwidXJsIjoiaHR0cHM6XC9cL3d3dy5qZXpkemllY3R3b2JlenByemVtb2N5LnBsXC93cC1jb250ZW50XC91cGxvYWRzXC8yMDIzXC8wMlwvb2tsYWRraS1uYS1mYWNlYm9va2EtTlZSLnBuZyIsInNsaWRlc2hvdyI6IjBkNjhkMDkifQ%3D%3D\" href=\"https:\/\/dashboard.mailerlite.com\/forms\/326733\/82189285383473113\/share?fbclid=IwAR3cjlX_VmCKLwRIZ3rmNZGUYbhjwoEvL-s_VpWyrA9ZRcZJVBRM1gqPHHo\"><figure class=\"swiper-slide-inner\"><img decoding=\"async\" class=\"swiper-slide-image lazyload\" src=\"data:image\/gif;base64,R0lGODlhAQABAAAAACH5BAEKAAEALAAAAAABAAEAAAICTAEAOw==\" data-src=\"https:\/\/www.jezdziectwobezprzemocy.pl\/wp-content\/uploads\/2023\/02\/okladki-na-facebooka-NVR.png\" alt=\"ok\u0142adki na facebooka NVR\" \/><\/figure><\/a><\/div>\t\t\t<\/div>\n\t\t\t\t\t\t\t\t\t\t\t\t<div class=\"elementor-swiper-button elementor-swiper-button-prev\" role=\"button\" tabindex=\"0\">\n\t\t\t\t\t\t<i aria-hidden=\"true\" class=\"eicon-chevron-left\"><\/i>\t\t\t\t\t<\/div>\n\t\t\t\t\t<div class=\"elementor-swiper-button elementor-swiper-button-next\" role=\"button\" tabindex=\"0\">\n\t\t\t\t\t\t<i aria-hidden=\"true\" class=\"eicon-chevron-right\"><\/i>\t\t\t\t\t<\/div>\n\t\t\t\t\n\t\t\t\t\t\t\t\t\t<div class=\"swiper-pagination\"><\/div>\n\t\t\t\t\t\t\t\t\t<\/div>\n\t\t\t\t\t\t<\/div>\n\t\t\t\t<\/div>\n\t\t\t\t<div class=\"elementor-element elementor-element-b71814b elementor-widget-divider--view-line elementor-widget elementor-widget-divider\" data-id=\"b71814b\" data-element_type=\"widget\" data-e-type=\"widget\" data-widget_type=\"divider.default\">\n\t\t\t\t<div class=\"elementor-widget-container\">\n\t\t\t\t\t\t\t<div class=\"elementor-divider\">\n\t\t\t<span class=\"elementor-divider-separator\">\n\t\t\t\t\t\t<\/span>\n\t\t<\/div>\n\t\t\t\t\t\t<\/div>\n\t\t\t\t<\/div>\n\t\t\t\t<div class=\"elementor-element elementor-element-108a1d6 elementor-widget elementor-widget-spacer\" data-id=\"108a1d6\" data-element_type=\"widget\" data-e-type=\"widget\" data-widget_type=\"spacer.default\">\n\t\t\t\t<div class=\"elementor-widget-container\">\n\t\t\t\t\t\t\t<div class=\"elementor-spacer\">\n\t\t\t<div class=\"elementor-spacer-inner\"><\/div>\n\t\t<\/div>\n\t\t\t\t\t\t<\/div>\n\t\t\t\t<\/div>\n\t\t\t\t\t<\/div>\n\t\t<\/div>\n\t\t\t\t\t<\/div>\n\t\t<\/section>\n\t\t\t\t<section class=\"elementor-section elementor-top-section elementor-element elementor-element-2000fee5 elementor-section-boxed elementor-section-height-default elementor-section-height-default\" data-id=\"2000fee5\" data-element_type=\"section\" data-e-type=\"section\">\n\t\t\t\t\t\t<div class=\"elementor-container elementor-column-gap-default\">\n\t\t\t\t\t<div class=\"elementor-column elementor-col-100 elementor-top-column elementor-element elementor-element-2a4e6a1b\" data-id=\"2a4e6a1b\" data-element_type=\"column\" data-e-type=\"column\">\n\t\t\t<div class=\"elementor-widget-wrap elementor-element-populated\">\n\t\t\t\t\t\t<div class=\"elementor-element elementor-element-c523550 elementor-widget elementor-widget-heading\" data-id=\"c523550\" data-element_type=\"widget\" data-e-type=\"widget\" data-widget_type=\"heading.default\">\n\t\t\t\t<div class=\"elementor-widget-container\">\n\t\t\t\t\t<h2 class=\"elementor-heading-title elementor-size-default\">Witaj w \u015bwiecie Je\u017adziectwa bez Przemocy!<\/h2>\t\t\t\t<\/div>\n\t\t\t\t<\/div>\n\t\t\t\t<div class=\"elementor-element elementor-element-5cdde49 elementor-widget elementor-widget-text-editor\" data-id=\"5cdde49\" data-element_type=\"widget\" data-e-type=\"widget\" data-widget_type=\"text-editor.default\">\n\t\t\t\t<div class=\"elementor-widget-container\">\n\t\t\t\t\t\t\t\t\t<h3>To spo\u0142eczno\u015bc kt\u00f3ra m\u00f3wi jednym g\u0142osem! Organizujemy webinary, warsztaty, konsultacje, wspieramy r\u00f3\u017cnymi materia\u0142ami.<\/h3><p>Je\u015bli jeste\u015b\u00a0je\u017ad\u017acem,\u00a0psychologiem\/\u017ck\u0105, trenerem\/k\u0105, masz stajni\u0119 w kt\u00f3rej chcesz szerzyc idee bezprzemocowego budowania relacji z koniem to dobrze trafi\u0142a\u015b\/e\u015b! Przy\u0142\u0105cz si\u0119 do nas i wsp\u00f3lnie tw\u00f3rzmy now\u0105 jako\u015bc w \u015bwiatowym je\u017adziectwie.\u00a0<\/p>\t\t\t\t\t\t\t\t<\/div>\n\t\t\t\t<\/div>\n\t\t\t\t\t<\/div>\n\t\t<\/div>\n\t\t\t\t\t<\/div>\n\t\t<\/section>\n\t\t\t\t<section class=\"elementor-section elementor-top-section elementor-element elementor-element-4d36818 elementor-section-boxed elementor-section-height-default elementor-section-height-default\" data-id=\"4d36818\" data-element_type=\"section\" data-e-type=\"section\">\n\t\t\t\t\t\t<div class=\"elementor-container elementor-column-gap-default\">\n\t\t\t\t\t<div class=\"elementor-column elementor-col-100 elementor-top-column elementor-element elementor-element-6848f9c\" data-id=\"6848f9c\" data-element_type=\"column\" data-e-type=\"column\">\n\t\t\t<div class=\"elementor-widget-wrap elementor-element-populated\">\n\t\t\t\t\t\t<div class=\"elementor-element elementor-element-21050c8 elementor-widget elementor-widget-spacer\" data-id=\"21050c8\" data-element_type=\"widget\" data-e-type=\"widget\" data-widget_type=\"spacer.default\">\n\t\t\t\t<div class=\"elementor-widget-container\">\n\t\t\t\t\t\t\t<div class=\"elementor-spacer\">\n\t\t\t<div class=\"elementor-spacer-inner\"><\/div>\n\t\t<\/div>\n\t\t\t\t\t\t<\/div>\n\t\t\t\t<\/div>\n\t\t\t\t\t<\/div>\n\t\t<\/div>\n\t\t\t\t\t<\/div>\n\t\t<\/section>\n\t\t\t\t<section class=\"elementor-section elementor-top-section elementor-element elementor-element-9e9a681 elementor-section-boxed elementor-section-height-default elementor-section-height-default\" data-id=\"9e9a681\" data-element_type=\"section\" data-e-type=\"section\">\n\t\t\t\t\t\t<div class=\"elementor-container elementor-column-gap-default\">\n\t\t\t\t\t<div class=\"elementor-column elementor-col-100 elementor-top-column elementor-element elementor-element-0be8046\" data-id=\"0be8046\" data-element_type=\"column\" data-e-type=\"column\">\n\t\t\t<div class=\"elementor-widget-wrap elementor-element-populated\">\n\t\t\t\t\t\t<section class=\"elementor-section elementor-inner-section elementor-element elementor-element-3b778e2 elementor-section-boxed elementor-section-height-default elementor-section-height-default\" data-id=\"3b778e2\" data-element_type=\"section\" data-e-type=\"section\">\n\t\t\t\t\t\t<div class=\"elementor-container elementor-column-gap-default\">\n\t\t\t\t\t<div class=\"elementor-column elementor-col-33 elementor-inner-column elementor-element elementor-element-3f1ecda\" data-id=\"3f1ecda\" data-element_type=\"column\" data-e-type=\"column\">\n\t\t\t<div class=\"elementor-widget-wrap elementor-element-populated\">\n\t\t\t\t\t\t<div class=\"elementor-element elementor-element-6c54fda elementor-widget__width-inherit elementor-position-top elementor-widget elementor-widget-image-box\" data-id=\"6c54fda\" data-element_type=\"widget\" data-e-type=\"widget\" data-widget_type=\"image-box.default\">\n\t\t\t\t<div class=\"elementor-widget-container\">\n\t\t\t\t\t<div class=\"elementor-image-box-wrapper\"><figure class=\"elementor-image-box-img\"><img fetchpriority=\"high\" decoding=\"async\" width=\"300\" height=\"300\" src=\"image\/gif;base64,R0lGODlhAQABAAAAACH5BAEKAAEALAAAAAABAAEAAAICTAEAOw==\" class=\"elementor-animation-grow attachment-medium size-medium wp-image-2832 thb-lazyload lazyload\" alt=\"\" data-src=\"https:\/\/www.jezdziectwobezprzemocy.pl\/wp-content\/uploads\/2023\/02\/joanna-i-hawana-300x300.png\" data-sizes=\"auto\" data-srcset=\"https:\/\/www.jezdziectwobezprzemocy.pl\/wp-content\/uploads\/2023\/02\/joanna-i-hawana-300x300.png 300w, https:\/\/www.jezdziectwobezprzemocy.pl\/wp-content\/uploads\/2023\/02\/joanna-i-hawana-150x150.png 150w, https:\/\/www.jezdziectwobezprzemocy.pl\/wp-content\/uploads\/2023\/02\/joanna-i-hawana-180x180.png 180w, https:\/\/www.jezdziectwobezprzemocy.pl\/wp-content\/uploads\/2023\/02\/joanna-i-hawana-90x90.png 90w, https:\/\/www.jezdziectwobezprzemocy.pl\/wp-content\/uploads\/2023\/02\/joanna-i-hawana-20x20.png 20w, https:\/\/www.jezdziectwobezprzemocy.pl\/wp-content\/uploads\/2023\/02\/joanna-i-hawana-100x100.png 100w, https:\/\/www.jezdziectwobezprzemocy.pl\/wp-content\/uploads\/2023\/02\/joanna-i-hawana-48x48.png 48w\" \/><\/figure><div class=\"elementor-image-box-content\"><h3 class=\"elementor-image-box-title\">Joanna Danielak<\/h3><p class=\"elementor-image-box-description\">Psycholog sportu pracuje z zawodnikami od 12 lat, psychoterapeutka pracuj\u0105ca w nurcie humanistycznym, Gestalt i EFT - Emotional Focused Therapy, behawiorystka, za\u0142o\u017cycielka i trenerka NVR<\/p><\/div><\/div>\t\t\t\t<\/div>\n\t\t\t\t<\/div>\n\t\t\t\t\t<\/div>\n\t\t<\/div>\n\t\t\t\t<div class=\"elementor-column elementor-col-33 elementor-inner-column elementor-element elementor-element-77e1a59\" data-id=\"77e1a59\" data-element_type=\"column\" data-e-type=\"column\">\n\t\t\t<div class=\"elementor-widget-wrap elementor-element-populated\">\n\t\t\t\t\t\t<div class=\"elementor-element elementor-element-aa13a25 elementor-widget__width-inherit elementor-position-top elementor-widget elementor-widget-image-box\" data-id=\"aa13a25\" data-element_type=\"widget\" data-e-type=\"widget\" data-widget_type=\"image-box.default\">\n\t\t\t\t<div class=\"elementor-widget-container\">\n\t\t\t\t\t<div class=\"elementor-image-box-wrapper\"><figure class=\"elementor-image-box-img\"><img decoding=\"async\" width=\"300\" height=\"300\" src=\"image\/gif;base64,R0lGODlhAQABAAAAACH5BAEKAAEALAAAAAABAAEAAAICTAEAOw==\" class=\"elementor-animation-grow attachment-medium size-medium wp-image-2830 thb-lazyload lazyload\" alt=\"\" data-src=\"https:\/\/www.jezdziectwobezprzemocy.pl\/wp-content\/uploads\/2023\/02\/martastas-300x300.png\" data-sizes=\"auto\" data-srcset=\"https:\/\/www.jezdziectwobezprzemocy.pl\/wp-content\/uploads\/2023\/02\/martastas-300x300.png 300w, https:\/\/www.jezdziectwobezprzemocy.pl\/wp-content\/uploads\/2023\/02\/martastas-150x150.png 150w, https:\/\/www.jezdziectwobezprzemocy.pl\/wp-content\/uploads\/2023\/02\/martastas-180x180.png 180w, https:\/\/www.jezdziectwobezprzemocy.pl\/wp-content\/uploads\/2023\/02\/martastas-90x90.png 90w, https:\/\/www.jezdziectwobezprzemocy.pl\/wp-content\/uploads\/2023\/02\/martastas-20x20.png 20w, https:\/\/www.jezdziectwobezprzemocy.pl\/wp-content\/uploads\/2023\/02\/martastas-100x100.png 100w, https:\/\/www.jezdziectwobezprzemocy.pl\/wp-content\/uploads\/2023\/02\/martastas-48x48.png 48w\" \/><\/figure><div class=\"elementor-image-box-content\"><h3 class=\"elementor-image-box-title\">Marta Stasie\u0142owicz<\/h3><p class=\"elementor-image-box-description\">Psycholog, terapeutka w nurcie TSR - terapii skoncentrowanej na rozwi\u0105zaniach, trenerka HAE, trenerka Family Lab Jespera Juula i Kids Skills, za\u0142o\u017cycielka i trenerka NVR<\/p><\/div><\/div>\t\t\t\t<\/div>\n\t\t\t\t<\/div>\n\t\t\t\t\t<\/div>\n\t\t<\/div>\n\t\t\t\t<div class=\"elementor-column elementor-col-33 elementor-inner-column elementor-element elementor-element-129a6cd\" data-id=\"129a6cd\" data-element_type=\"column\" data-e-type=\"column\">\n\t\t\t<div class=\"elementor-widget-wrap elementor-element-populated\">\n\t\t\t\t\t\t<div class=\"elementor-element elementor-element-ec368a0 elementor-position-top elementor-widget elementor-widget-image-box\" data-id=\"ec368a0\" data-element_type=\"widget\" data-e-type=\"widget\" data-widget_type=\"image-box.default\">\n\t\t\t\t<div class=\"elementor-widget-container\">\n\t\t\t\t\t<div class=\"elementor-image-box-wrapper\"><figure class=\"elementor-image-box-img\"><img decoding=\"async\" width=\"300\" height=\"300\" src=\"image\/gif;base64,R0lGODlhAQABAAAAACH5BAEKAAEALAAAAAABAAEAAAICTAEAOw==\" class=\"elementor-animation-grow attachment-medium size-medium wp-image-2831 thb-lazyload lazyload\" alt=\"\" data-src=\"https:\/\/www.jezdziectwobezprzemocy.pl\/wp-content\/uploads\/2023\/02\/8-300x300.png\" data-sizes=\"auto\" data-srcset=\"https:\/\/www.jezdziectwobezprzemocy.pl\/wp-content\/uploads\/2023\/02\/8-300x300.png 300w, https:\/\/www.jezdziectwobezprzemocy.pl\/wp-content\/uploads\/2023\/02\/8-150x150.png 150w, https:\/\/www.jezdziectwobezprzemocy.pl\/wp-content\/uploads\/2023\/02\/8-180x180.png 180w, https:\/\/www.jezdziectwobezprzemocy.pl\/wp-content\/uploads\/2023\/02\/8-90x90.png 90w, https:\/\/www.jezdziectwobezprzemocy.pl\/wp-content\/uploads\/2023\/02\/8-20x20.png 20w, https:\/\/www.jezdziectwobezprzemocy.pl\/wp-content\/uploads\/2023\/02\/8-100x100.png 100w, https:\/\/www.jezdziectwobezprzemocy.pl\/wp-content\/uploads\/2023\/02\/8-48x48.png 48w\" \/><\/figure><div class=\"elementor-image-box-content\"><h3 class=\"elementor-image-box-title\"> Marta Kuci\u0144ska<\/h3><p class=\"elementor-image-box-description\">Instruktorka PZJ odznaczana jako trener z wybitnymi osi\u0105gni\u0119ciami w treningu dzieci i m\u0142odzie\u017cy, z wykszta\u0142cenia pedagog, andragog, za\u0142o\u017cycielka i trenerka NVR.<\/p><\/div><\/div>\t\t\t\t<\/div>\n\t\t\t\t<\/div>\n\t\t\t\t\t<\/div>\n\t\t<\/div>\n\t\t\t\t\t<\/div>\n\t\t<\/section>\n\t\t\t\t\t<\/div>\n\t\t<\/div>\n\t\t\t\t\t<\/div>\n\t\t<\/section>\n\t\t\t\t<section class=\"elementor-section elementor-top-section elementor-element elementor-element-2f41500 elementor-section-boxed elementor-section-height-default elementor-section-height-default\" data-id=\"2f41500\" data-element_type=\"section\" data-e-type=\"section\">\n\t\t\t\t\t\t<div class=\"elementor-container elementor-column-gap-default\">\n\t\t\t\t\t<div class=\"elementor-column elementor-col-66 elementor-top-column elementor-element elementor-element-910c953\" data-id=\"910c953\" data-element_type=\"column\" data-e-type=\"column\">\n\t\t\t<div class=\"elementor-widget-wrap elementor-element-populated\">\n\t\t\t\t\t\t<div class=\"elementor-element elementor-element-123698c elementor-widget elementor-widget-spacer\" data-id=\"123698c\" data-element_type=\"widget\" data-e-type=\"widget\" data-widget_type=\"spacer.default\">\n\t\t\t\t<div class=\"elementor-widget-container\">\n\t\t\t\t\t\t\t<div class=\"elementor-spacer\">\n\t\t\t<div class=\"elementor-spacer-inner\"><\/div>\n\t\t<\/div>\n\t\t\t\t\t\t<\/div>\n\t\t\t\t<\/div>\n\t\t\t\t\t<\/div>\n\t\t<\/div>\n\t\t\t\t<div class=\"elementor-column elementor-col-33 elementor-top-column elementor-element elementor-element-1188c40\" data-id=\"1188c40\" data-element_type=\"column\" data-e-type=\"column\">\n\t\t\t<div class=\"elementor-widget-wrap\">\n\t\t\t\t\t\t\t<\/div>\n\t\t<\/div>\n\t\t\t\t\t<\/div>\n\t\t<\/section>\n\t\t\t\t<section class=\"elementor-section elementor-top-section elementor-element elementor-element-f0c6f0f elementor-section-boxed elementor-section-height-default elementor-section-height-default\" data-id=\"f0c6f0f\" data-element_type=\"section\" data-e-type=\"section\">\n\t\t\t\t\t\t<div class=\"elementor-container elementor-column-gap-default\">\n\t\t\t\t\t<div class=\"elementor-column elementor-col-100 elementor-top-column elementor-element elementor-element-737a4a1\" data-id=\"737a4a1\" data-element_type=\"column\" data-e-type=\"column\">\n\t\t\t<div class=\"elementor-widget-wrap elementor-element-populated\">\n\t\t\t\t\t\t<div class=\"elementor-element elementor-element-787d570 elementor-widget elementor-widget-heading\" data-id=\"787d570\" data-element_type=\"widget\" data-e-type=\"widget\" data-widget_type=\"heading.default\">\n\t\t\t\t<div class=\"elementor-widget-container\">\n\t\t\t\t\t<h2 class=\"elementor-heading-title elementor-size-default\">Odwied\u017a nasz sklepik z gad\u017cetami i wspieraj nasze dzia\u0142ania!<\/h2>\t\t\t\t<\/div>\n\t\t\t\t<\/div>\n\t\t\t\t<div class=\"elementor-element elementor-element-d733d77 elementor-align-center elementor-widget elementor-widget-button\" data-id=\"d733d77\" data-element_type=\"widget\" data-e-type=\"widget\" data-widget_type=\"button.default\">\n\t\t\t\t<div class=\"elementor-widget-container\">\n\t\t\t\t\t\t\t\t\t<div class=\"elementor-button-wrapper\">\n\t\t\t\t\t<a class=\"elementor-button elementor-button-link elementor-size-sm\" href=\"http:\/\/jezdziectwo-bez-przemocy.myshopify.com\">\n\t\t\t\t\t\t<span class=\"elementor-button-content-wrapper\">\n\t\t\t\t\t\t\t\t\t<span class=\"elementor-button-text\">Kliknij tutaj<\/span>\n\t\t\t\t\t<\/span>\n\t\t\t\t\t<\/a>\n\t\t\t\t<\/div>\n\t\t\t\t\t\t\t\t<\/div>\n\t\t\t\t<\/div>\n\t\t\t\t\t<\/div>\n\t\t<\/div>\n\t\t\t\t\t<\/div>\n\t\t<\/section>\n\t\t\t\t<\/div>\n\t\t","protected":false},"excerpt":{"rendered":"<p>Poprzednie Nast\u0119pne Witaj w \u015bwiecie Je\u017adziectwa bez Przemocy! To spo\u0142eczno\u015bc kt\u00f3ra m\u00f3wi jednym g\u0142osem! Organizujemy webinary, warsztaty, konsultacje, wspieramy r\u00f3\u017cnymi materia\u0142ami. Je\u015bli jeste\u015b\u00a0je\u017ad\u017acem,\u00a0psychologiem\/\u017ck\u0105, trenerem\/k\u0105, masz stajni\u0119 w kt\u00f3rej chcesz szerzyc idee bezprzemocowego budowania relacji z koniem to dobrze trafi\u0142a\u015b\/e\u015b! Przy\u0142\u0105cz si\u0119 do nas i wsp\u00f3lnie tw\u00f3rzmy now\u0105 jako\u015bc w \u015bwiatowym je\u017adziectwie.\u00a0 Joanna Danielak Psycholog sportu&hellip;<\/p>\n","protected":false},"author":1,"featured_media":0,"parent":0,"menu_order":0,"comment_status":"closed","ping_status":"closed","template":"","meta":{"footnotes":""},"class_list":["post-2678","page","type-page","status-publish","hentry"],"_links":{"self":[{"href":"https:\/\/www.jezdziectwobezprzemocy.pl\/index.php\/wp-json\/wp\/v2\/pages\/2678","targetHints":{"allow":["GET"]}}],"collection":[{"href":"https:\/\/www.jezdziectwobezprzemocy.pl\/index.php\/wp-json\/wp\/v2\/pages"}],"about":[{"href":"https:\/\/www.jezdziectwobezprzemocy.pl\/index.php\/wp-json\/wp\/v2\/types\/page"}],"author":[{"embeddable":true,"href":"https:\/\/www.jezdziectwobezprzemocy.pl\/index.php\/wp-json\/wp\/v2\/users\/1"}],"replies":[{"embeddable":true,"href":"https:\/\/www.jezdziectwobezprzemocy.pl\/index.php\/wp-json\/wp\/v2\/comments?post=2678"}],"version-history":[{"count":93,"href":"https:\/\/www.jezdziectwobezprzemocy.pl\/index.php\/wp-json\/wp\/v2\/pages\/2678\/revisions"}],"predecessor-version":[{"id":3182,"href":"https:\/\/www.jezdziectwobezprzemocy.pl\/index.php\/wp-json\/wp\/v2\/pages\/2678\/revisions\/3182"}],"wp:attachment":[{"href":"https:\/\/www.jezdziectwobezprzemocy.pl\/index.php\/wp-json\/wp\/v2\/media?parent=2678"}],"curies":[{"name":"wp","href":"https:\/\/api.w.org\/{rel}","templated":true}]}}