{"id":2724,"date":"2023-02-12T17:48:00","date_gmt":"2023-02-12T17:48:00","guid":{"rendered":"http:\/\/jezdziectwobezprzemocy.pl\/?page_id=2724"},"modified":"2023-03-05T14:03:02","modified_gmt":"2023-03-05T14:03:02","slug":"co-to-jest-nvr","status":"publish","type":"page","link":"https:\/\/www.jezdziectwobezprzemocy.pl\/index.php\/co-to-jest-nvr\/","title":{"rendered":"O NVR"},"content":{"rendered":"\t\t<div data-elementor-type=\"wp-page\" data-elementor-id=\"2724\" class=\"elementor elementor-2724\">\n\t\t\t\t\t\t<section class=\"elementor-section elementor-top-section elementor-element elementor-element-fb765f9 elementor-section-boxed elementor-section-height-default elementor-section-height-default\" data-id=\"fb765f9\" data-element_type=\"section\" data-e-type=\"section\">\n\t\t\t\t\t\t<div class=\"elementor-container elementor-column-gap-default\">\n\t\t\t\t\t<div class=\"elementor-column elementor-col-25 elementor-top-column elementor-element elementor-element-b013c4d\" data-id=\"b013c4d\" data-element_type=\"column\" data-e-type=\"column\">\n\t\t\t<div class=\"elementor-widget-wrap elementor-element-populated\">\n\t\t\t\t\t\t<div class=\"elementor-element elementor-element-62138e8 elementor-view-default elementor-position-block-start elementor-mobile-position-block-start elementor-widget elementor-widget-icon-box\" data-id=\"62138e8\" data-element_type=\"widget\" data-e-type=\"widget\" data-widget_type=\"icon-box.default\">\n\t\t\t\t<div class=\"elementor-widget-container\">\n\t\t\t\t\t\t\t<div class=\"elementor-icon-box-wrapper\">\n\n\t\t\t\t\t\t<div class=\"elementor-icon-box-icon\">\n\t\t\t\t<span  class=\"elementor-icon\">\n\t\t\t\t<i aria-hidden=\"true\" class=\"far fa-dot-circle\"><\/i>\t\t\t\t<\/span>\n\t\t\t<\/div>\n\t\t\t\n\t\t\t\t\t\t<div class=\"elementor-icon-box-content\">\n\n\t\t\t\t\t\t\t\t\t<h3 class=\"elementor-icon-box-title\">\n\t\t\t\t\t\t<span  >\n\t\t\t\t\t\t\tBez przemocy mo\u017cna trenowa\u0107\t\t\t\t\t\t<\/span>\n\t\t\t\t\t<\/h3>\n\t\t\t\t\n\t\t\t\t\n\t\t\t<\/div>\n\t\t\t\n\t\t<\/div>\n\t\t\t\t\t\t<\/div>\n\t\t\t\t<\/div>\n\t\t\t\t\t<\/div>\n\t\t<\/div>\n\t\t\t\t<div class=\"elementor-column elementor-col-25 elementor-top-column elementor-element elementor-element-d6a030b\" data-id=\"d6a030b\" data-element_type=\"column\" data-e-type=\"column\">\n\t\t\t<div class=\"elementor-widget-wrap elementor-element-populated\">\n\t\t\t\t\t\t<div class=\"elementor-element elementor-element-0984f92 elementor-view-default elementor-position-block-start elementor-mobile-position-block-start elementor-widget elementor-widget-icon-box\" data-id=\"0984f92\" data-element_type=\"widget\" data-e-type=\"widget\" data-widget_type=\"icon-box.default\">\n\t\t\t\t<div class=\"elementor-widget-container\">\n\t\t\t\t\t\t\t<div class=\"elementor-icon-box-wrapper\">\n\n\t\t\t\t\t\t<div class=\"elementor-icon-box-icon\">\n\t\t\t\t<span  class=\"elementor-icon\">\n\t\t\t\t<i aria-hidden=\"true\" class=\"far fa-dot-circle\"><\/i>\t\t\t\t<\/span>\n\t\t\t<\/div>\n\t\t\t\n\t\t\t\t\t\t<div class=\"elementor-icon-box-content\">\n\n\t\t\t\t\t\t\t\t\t<h3 class=\"elementor-icon-box-title\">\n\t\t\t\t\t\t<span  >\n\t\t\t\t\t\t\tBez przemocy mo\u017cna je\u017adzi\u0107\t\t\t\t\t\t<\/span>\n\t\t\t\t\t<\/h3>\n\t\t\t\t\n\t\t\t\t\n\t\t\t<\/div>\n\t\t\t\n\t\t<\/div>\n\t\t\t\t\t\t<\/div>\n\t\t\t\t<\/div>\n\t\t\t\t\t<\/div>\n\t\t<\/div>\n\t\t\t\t<div class=\"elementor-column elementor-col-25 elementor-top-column elementor-element elementor-element-e1e2377\" data-id=\"e1e2377\" data-element_type=\"column\" data-e-type=\"column\">\n\t\t\t<div class=\"elementor-widget-wrap elementor-element-populated\">\n\t\t\t\t\t\t<div class=\"elementor-element elementor-element-997cabf elementor-view-default elementor-position-block-start elementor-mobile-position-block-start elementor-widget elementor-widget-icon-box\" data-id=\"997cabf\" data-element_type=\"widget\" data-e-type=\"widget\" data-widget_type=\"icon-box.default\">\n\t\t\t\t<div class=\"elementor-widget-container\">\n\t\t\t\t\t\t\t<div class=\"elementor-icon-box-wrapper\">\n\n\t\t\t\t\t\t<div class=\"elementor-icon-box-icon\">\n\t\t\t\t<span  class=\"elementor-icon\">\n\t\t\t\t<i aria-hidden=\"true\" class=\"far fa-dot-circle\"><\/i>\t\t\t\t<\/span>\n\t\t\t<\/div>\n\t\t\t\n\t\t\t\t\t\t<div class=\"elementor-icon-box-content\">\n\n\t\t\t\t\t\t\t\t\t<h3 class=\"elementor-icon-box-title\">\n\t\t\t\t\t\t<span  >\n\t\t\t\t\t\t\tBez przemocy mo\u017cna startowa\u0107\t\t\t\t\t\t<\/span>\n\t\t\t\t\t<\/h3>\n\t\t\t\t\n\t\t\t\t\n\t\t\t<\/div>\n\t\t\t\n\t\t<\/div>\n\t\t\t\t\t\t<\/div>\n\t\t\t\t<\/div>\n\t\t\t\t\t<\/div>\n\t\t<\/div>\n\t\t\t\t<div class=\"elementor-column elementor-col-25 elementor-top-column elementor-element elementor-element-7e8fbfb\" data-id=\"7e8fbfb\" data-element_type=\"column\" data-e-type=\"column\">\n\t\t\t<div class=\"elementor-widget-wrap elementor-element-populated\">\n\t\t\t\t\t\t<div class=\"elementor-element elementor-element-1ccb0c4 elementor-view-default elementor-position-block-start elementor-mobile-position-block-start elementor-widget elementor-widget-icon-box\" data-id=\"1ccb0c4\" data-element_type=\"widget\" data-e-type=\"widget\" data-widget_type=\"icon-box.default\">\n\t\t\t\t<div class=\"elementor-widget-container\">\n\t\t\t\t\t\t\t<div class=\"elementor-icon-box-wrapper\">\n\n\t\t\t\t\t\t<div class=\"elementor-icon-box-icon\">\n\t\t\t\t<span  class=\"elementor-icon\">\n\t\t\t\t<i aria-hidden=\"true\" class=\"far fa-dot-circle\"><\/i>\t\t\t\t<\/span>\n\t\t\t<\/div>\n\t\t\t\n\t\t\t\t\t\t<div class=\"elementor-icon-box-content\">\n\n\t\t\t\t\t\t\t\t\t<h3 class=\"elementor-icon-box-title\">\n\t\t\t\t\t\t<span  >\n\t\t\t\t\t\t\tBez przemocy mo\u017cna wygrywa\u0107\t\t\t\t\t\t<\/span>\n\t\t\t\t\t<\/h3>\n\t\t\t\t\n\t\t\t\t\n\t\t\t<\/div>\n\t\t\t\n\t\t<\/div>\n\t\t\t\t\t\t<\/div>\n\t\t\t\t<\/div>\n\t\t\t\t\t<\/div>\n\t\t<\/div>\n\t\t\t\t\t<\/div>\n\t\t<\/section>\n\t\t\t\t<section class=\"elementor-section elementor-top-section elementor-element elementor-element-8afcdb0 elementor-section-boxed elementor-section-height-default elementor-section-height-default\" data-id=\"8afcdb0\" data-element_type=\"section\" data-e-type=\"section\">\n\t\t\t\t\t\t<div class=\"elementor-container elementor-column-gap-default\">\n\t\t\t\t\t<div class=\"elementor-column elementor-col-100 elementor-top-column elementor-element elementor-element-2ed2c27\" data-id=\"2ed2c27\" data-element_type=\"column\" data-e-type=\"column\">\n\t\t\t<div class=\"elementor-widget-wrap elementor-element-populated\">\n\t\t\t\t\t\t<div class=\"elementor-element elementor-element-86b134d elementor-widget elementor-widget-spacer\" data-id=\"86b134d\" data-element_type=\"widget\" data-e-type=\"widget\" data-widget_type=\"spacer.default\">\n\t\t\t\t<div class=\"elementor-widget-container\">\n\t\t\t\t\t\t\t<div class=\"elementor-spacer\">\n\t\t\t<div class=\"elementor-spacer-inner\"><\/div>\n\t\t<\/div>\n\t\t\t\t\t\t<\/div>\n\t\t\t\t<\/div>\n\t\t\t\t<div class=\"elementor-element elementor-element-7c5b51b elementor-widget elementor-widget-text-editor\" data-id=\"7c5b51b\" data-element_type=\"widget\" data-e-type=\"widget\" data-widget_type=\"text-editor.default\">\n\t\t\t\t<div class=\"elementor-widget-container\">\n\t\t\t\t\t\t\t\t\t<h2>Ko<b>ncepcja NVR czyli Non-violent Riding czerpie inspiracje przede wszystkim z podej\u015bcia Porozumienia bez Przemocy (NVC) Marshalla Rosenberga, Self-Reg Stuarda Shankera, oraz technik Mindfulness opracowanych przez Johna Kabat Zinna.<\/b><\/h2>\n<div>&nbsp;<\/div>\n<div>Na NVR sk\u0142adaj\u0105 si\u0119 r\u00f3wnie\u017c m.in.: wnioski p\u0142yn\u0105ce ze wsp\u00f3\u0142czesnych bada\u0144 naukowych (w tym teoria poliwagalna S. Porgesa, model Self-Reg S. Shankera), oraz empirii (podej\u015bcie Jespera Juula), &nbsp;a tak\u017ce najnowsze odkrycia etologiczne (dotycz\u0105ce zachowa\u0144 koni w ich naturalnym \u015brodowisku). Posi\u0142kujemy si\u0119 wieloma teoriami uzupe\u0142niaj\u0105c je o nasze autorskie narz\u0119dzia z kt\u00f3rych korzystamy codziennie w naszej pracy zawodowej jako psychoterapeutki, psycholodzy sportu i trenerki.&nbsp;<\/div>\n<div>&nbsp;<\/div>\n<h2>G\u0142\u00f3wne za\u0142o\u017cenia Je\u017adziectwa bez Przemocy (NVR):&nbsp;<\/h2>\n<div><p>Promujemy podej\u015bcie oparte na wsp\u00f3\u0142pracy i szacunku (a nie na zale\u017cno\u015bci, podporz\u0105dkowaniu, walce).&nbsp;<\/p>\n<p>Pracujemy zgodnie ze wsp\u00f3\u0142czesn\u0105 wiedz\u0105 o neurobiologii, psychofizjologii i naturalnych potrzebach konia i je\u017ad\u017aca.&nbsp;<\/p><\/div>\n<div>Koncentrujemy si\u0119 na budowaniu relacji a nie racji za wszelk\u0105 cen\u0119.<\/div>\n<div>&nbsp;<\/div>\n<div>Obserwujemy i nazywamy fakty, w miejsce pochopnej interpretacji i etykietuj\u0105cej oceny.&nbsp;<br><span style=\"font-family: var( --e-global-typography-text-font-family ), Sans-serif; font-weight: var( --e-global-typography-text-font-weight );\"><br><\/span><span style=\"font-family: var( --e-global-typography-text-font-family ), Sans-serif; font-weight: var( --e-global-typography-text-font-weight );\">Wiemy, \u017ce pod ka\u017cdym trudnym zachowaniem kryje si\u0119 niezaspokojona potrzeba. Uczymy jak do niej dotrzec.&nbsp;<\/span><br><span style=\"font-family: var( --e-global-typography-text-font-family ), Sans-serif; font-weight: var( --e-global-typography-text-font-weight );\"><br><\/span><span style=\"font-family: var( --e-global-typography-text-font-family ), Sans-serif; font-weight: var( --e-global-typography-text-font-weight );\">Kierujemy si\u0119 ciekawo\u015bci\u0105 i pr\u00f3b\u0105 \u017cyczliwego zrozumienia wobec tego, co kryje si\u0119 pod zachowaniem konia\/je\u017ad\u017aca.&nbsp;<\/span><br><span style=\"font-family: var( --e-global-typography-text-font-family ), Sans-serif; font-weight: var( --e-global-typography-text-font-weight );\"><br><\/span><span style=\"font-family: var( --e-global-typography-text-font-family ), Sans-serif; font-weight: var( --e-global-typography-text-font-weight );\">\u015awiadomy, spokojny, empatyczny i samoreguluj\u0105cy si\u0119 je\u017adziec to wed\u0142ug nas droga do uzyskania rozlu\u017anienia i ch\u0119ci wsp\u00f3\u0142pracy w koniu.<\/span><br><span style=\"font-family: var( --e-global-typography-text-font-family ), Sans-serif; font-weight: var( --e-global-typography-text-font-weight );\"><br><\/span><\/div>\n<div><p>Rozpoznawanie i rozumienie swoich psychicznych i fizycznych napi\u0119\u0107, stan\u00f3w emocjonalnych i le\u017c\u0105cych pod nimi potrzeb jest wed\u0142ug nas kluczem do wzi\u0119cia odpowiedzialno\u015bci za samego siebie.<\/p>\n<\/div>\n<div><p>Przyw\u00f3dztwo w je\u017adziectwie polega na konsensusie i jasnej komunikacji a nie na hierarchiczno\u015bci, w kt\u00f3rej komunikaty i potrzeby drugiej strony nie s\u0105 brane pod uwag\u0119.<\/p>\n<\/div>\n<div>Uczymy konstruktywnych strategii radzenia sobie ze swoim napi\u0119ciem zamiast t\u0142umienia emocji i &#8222;odcinania g\u0142owy&#8221;.<\/div>\n<div>&nbsp;<\/div>\t\t\t\t\t\t\t\t<\/div>\n\t\t\t\t<\/div>\n\t\t\t\t\t<\/div>\n\t\t<\/div>\n\t\t\t\t\t<\/div>\n\t\t<\/section>\n\t\t\t\t<section class=\"elementor-section elementor-top-section elementor-element elementor-element-fe4d126 elementor-section-boxed elementor-section-height-default elementor-section-height-default\" data-id=\"fe4d126\" data-element_type=\"section\" data-e-type=\"section\">\n\t\t\t\t\t\t<div class=\"elementor-container elementor-column-gap-default\">\n\t\t\t\t\t<div class=\"elementor-column elementor-col-100 elementor-top-column elementor-element elementor-element-da84a21\" data-id=\"da84a21\" data-element_type=\"column\" data-e-type=\"column\">\n\t\t\t<div class=\"elementor-widget-wrap elementor-element-populated\">\n\t\t\t\t\t\t<section class=\"elementor-section elementor-inner-section elementor-element elementor-element-fa1292d elementor-section-boxed elementor-section-height-default elementor-section-height-default\" data-id=\"fa1292d\" data-element_type=\"section\" data-e-type=\"section\">\n\t\t\t\t\t\t<div class=\"elementor-container elementor-column-gap-default\">\n\t\t\t\t\t<div class=\"elementor-column elementor-col-50 elementor-inner-column elementor-element elementor-element-c7186a0\" data-id=\"c7186a0\" data-element_type=\"column\" data-e-type=\"column\">\n\t\t\t<div class=\"elementor-widget-wrap elementor-element-populated\">\n\t\t\t\t\t\t<div class=\"elementor-element elementor-element-6e46dd3 elementor-widget elementor-widget-image\" data-id=\"6e46dd3\" data-element_type=\"widget\" data-e-type=\"widget\" data-widget_type=\"image.default\">\n\t\t\t\t<div class=\"elementor-widget-container\">\n\t\t\t\t\t\t\t\t\t\t\t\t\t\t\t<img fetchpriority=\"high\" decoding=\"async\" width=\"1024\" height=\"577\" src=\"image\/gif;base64,R0lGODlhAQABAAAAACH5BAEKAAEALAAAAAABAAEAAAICTAEAOw==\" class=\"attachment-large size-large wp-image-2716 thb-lazyload lazyload\" alt=\"\" sizes=\"(max-width: 1024px) 100vw, 1024px\" data-src=\"https:\/\/www.jezdziectwobezprzemocy.pl\/wp-content\/uploads\/2023\/02\/jezdziectwo-bez-przemocy-tlo-1024x577.jpg\" data-sizes=\"auto\" data-srcset=\"https:\/\/www.jezdziectwobezprzemocy.pl\/wp-content\/uploads\/2023\/02\/jezdziectwo-bez-przemocy-tlo-1024x577.jpg 1024w, https:\/\/www.jezdziectwobezprzemocy.pl\/wp-content\/uploads\/2023\/02\/jezdziectwo-bez-przemocy-tlo-600x338.jpg 600w, https:\/\/www.jezdziectwobezprzemocy.pl\/wp-content\/uploads\/2023\/02\/jezdziectwo-bez-przemocy-tlo-300x169.jpg 300w, https:\/\/www.jezdziectwobezprzemocy.pl\/wp-content\/uploads\/2023\/02\/jezdziectwo-bez-przemocy-tlo-768x433.jpg 768w, https:\/\/www.jezdziectwobezprzemocy.pl\/wp-content\/uploads\/2023\/02\/jezdziectwo-bez-przemocy-tlo-370x208.jpg 370w, https:\/\/www.jezdziectwobezprzemocy.pl\/wp-content\/uploads\/2023\/02\/jezdziectwo-bez-przemocy-tlo-800x451.jpg 800w, https:\/\/www.jezdziectwobezprzemocy.pl\/wp-content\/uploads\/2023\/02\/jezdziectwo-bez-przemocy-tlo-20x11.jpg 20w, https:\/\/www.jezdziectwobezprzemocy.pl\/wp-content\/uploads\/2023\/02\/jezdziectwo-bez-przemocy-tlo-185x104.jpg 185w, https:\/\/www.jezdziectwobezprzemocy.pl\/wp-content\/uploads\/2023\/02\/jezdziectwo-bez-przemocy-tlo-740x417.jpg 740w, https:\/\/www.jezdziectwobezprzemocy.pl\/wp-content\/uploads\/2023\/02\/jezdziectwo-bez-przemocy-tlo-400x225.jpg 400w, https:\/\/www.jezdziectwobezprzemocy.pl\/wp-content\/uploads\/2023\/02\/jezdziectwo-bez-przemocy-tlo-85x48.jpg 85w\" \/>\t\t\t\t\t\t\t\t\t\t\t\t\t\t\t<\/div>\n\t\t\t\t<\/div>\n\t\t\t\t\t<\/div>\n\t\t<\/div>\n\t\t\t\t<div class=\"elementor-column elementor-col-50 elementor-inner-column elementor-element elementor-element-e318442\" data-id=\"e318442\" data-element_type=\"column\" data-e-type=\"column\">\n\t\t\t<div class=\"elementor-widget-wrap elementor-element-populated\">\n\t\t\t\t\t\t<div class=\"elementor-element elementor-element-1dccf19 elementor-widget elementor-widget-spacer\" data-id=\"1dccf19\" data-element_type=\"widget\" data-e-type=\"widget\" data-widget_type=\"spacer.default\">\n\t\t\t\t<div class=\"elementor-widget-container\">\n\t\t\t\t\t\t\t<div class=\"elementor-spacer\">\n\t\t\t<div class=\"elementor-spacer-inner\"><\/div>\n\t\t<\/div>\n\t\t\t\t\t\t<\/div>\n\t\t\t\t<\/div>\n\t\t\t\t<div class=\"elementor-element elementor-element-2134073 elementor-widget elementor-widget-heading\" data-id=\"2134073\" data-element_type=\"widget\" data-e-type=\"widget\" data-widget_type=\"heading.default\">\n\t\t\t\t<div class=\"elementor-widget-container\">\n\t\t\t\t\t<h2 class=\"elementor-heading-title elementor-size-default\">Ka\u017cdy \u2013 cz\u0142owiek i ko\u0144 - liczy si\u0119 i zas\u0142uguje na szacunek<\/h2>\t\t\t\t<\/div>\n\t\t\t\t<\/div>\n\t\t\t\t\t<\/div>\n\t\t<\/div>\n\t\t\t\t\t<\/div>\n\t\t<\/section>\n\t\t\t\t\t<\/div>\n\t\t<\/div>\n\t\t\t\t\t<\/div>\n\t\t<\/section>\n\t\t\t\t<section class=\"elementor-section elementor-top-section elementor-element elementor-element-6d69e1a elementor-section-boxed elementor-section-height-default elementor-section-height-default\" data-id=\"6d69e1a\" data-element_type=\"section\" data-e-type=\"section\">\n\t\t\t\t\t\t<div class=\"elementor-container elementor-column-gap-default\">\n\t\t\t\t\t<div class=\"elementor-column elementor-col-100 elementor-top-column elementor-element elementor-element-cb1c00e\" data-id=\"cb1c00e\" data-element_type=\"column\" data-e-type=\"column\">\n\t\t\t<div class=\"elementor-widget-wrap elementor-element-populated\">\n\t\t\t\t\t\t<div class=\"elementor-element elementor-element-5310b04 elementor-widget elementor-widget-text-editor\" data-id=\"5310b04\" data-element_type=\"widget\" data-e-type=\"widget\" data-widget_type=\"text-editor.default\">\n\t\t\t\t<div class=\"elementor-widget-container\">\n\t\t\t\t\t\t\t\t\t<p><span style=\"word-spacing: 0.016px;\">O naszej akcji i o pracy nad sob\u0105 w je\u017adziectwie chcemy m\u00f3wi\u0107 g\u0142o\u015bno dlatego mamy dla Was szereg propozycji jak zostac promotorem Je\u017adziectwa bez Przemocy &#8211; byc mo\u017ce jeste\u015b osob\u0105, kt\u00f3rej ju\u017c co\u015b podobnego przysz\u0142o do g\u0142owy, a bycmo\u017ce ju\u017c co\u015b robisz aby dzia\u0142ac na rzecz tego aby je\u017adziectwo wi\u0105za\u0142o si\u0119 z \u0142agodno\u015bci\u0105, spokojem, porozumieniem i przyjemno\u015bci\u0105 zar\u00f3wno dla konia jak i dla je\u017ad\u017aca. Dzi\u0119ki szkoleniom NVR oraz szkoleniom prowadzonym przez naszych partner\u00f3w i ambasador\u00f3w b\u0119dziemy wsp\u00f3lnie bydowac \u015bwiadomo\u015bc tego, jak mo\u017ce wygl\u0105dac je\u017adziectwo gdy zaczniemy rozumiec co nami kieruje, co czujemy, zaczniemy lepiej regulowac swoje emocje i rozpoznawac w jakich emocjach jest ko\u0144. Gdy czujesz, \u017ce tracisz kontrol\u0119 nad sob\u0105, a ko\u0144 przestaje z Tob\u0105 wsp\u00f3\u0142pracowac to dobry moment by zacz\u0105c prac\u0119 nad tym co Ty wnosisz do tej relacji razem z osobami, kt\u00f3re maj\u0105 w tym du\u017ce do\u015bwiadczenie.&nbsp;<\/span><span style=\"background-color: transparent; color: rgb(0, 0, 0); font-family: Arial; font-size: 11pt; white-space: pre-wrap; font-weight: var( --e-global-typography-text-font-weight );\">&nbsp;<\/span><\/p>\t\t\t\t\t\t\t\t<\/div>\n\t\t\t\t<\/div>\n\t\t\t\t\t<\/div>\n\t\t<\/div>\n\t\t\t\t\t<\/div>\n\t\t<\/section>\n\t\t\t\t<section class=\"elementor-section elementor-top-section elementor-element elementor-element-26bacc1 elementor-section-boxed elementor-section-height-default elementor-section-height-default\" data-id=\"26bacc1\" data-element_type=\"section\" data-e-type=\"section\">\n\t\t\t\t\t\t<div class=\"elementor-container elementor-column-gap-default\">\n\t\t\t\t\t<div class=\"elementor-column elementor-col-100 elementor-top-column elementor-element elementor-element-1e4b4ad\" data-id=\"1e4b4ad\" data-element_type=\"column\" data-e-type=\"column\">\n\t\t\t<div class=\"elementor-widget-wrap elementor-element-populated\">\n\t\t\t\t\t\t<div class=\"elementor-element elementor-element-8edd47a elementor-widget elementor-widget-heading\" data-id=\"8edd47a\" data-element_type=\"widget\" data-e-type=\"widget\" data-widget_type=\"heading.default\">\n\t\t\t\t<div class=\"elementor-widget-container\">\n\t\t\t\t\t<h2 class=\"elementor-heading-title elementor-size-default\"><h2 data-elementor-setting-key=\"title\" data-pen-placeholder=\"Pisz tutaj...\" style=\"font-family: var( --e-global-typography-primary-font-family ), Sans-serif;font-weight: var( --e-global-typography-primary-font-weight );text-align: center\">Nie zgadzamy si\u0119 ani na przemoc wobec koni, ani na przemocow\u0105 komunikacj\u0119 w treningu. Czy jeste\u015b z nami?\n Je\u015bli tak poka\u017c to nosz\u0105c nasz\u0105 turkusow\u0105 opask\u0119. <\/h2><br><\/h2>\t\t\t\t<\/div>\n\t\t\t\t<\/div>\n\t\t\t\t\t<\/div>\n\t\t<\/div>\n\t\t\t\t\t<\/div>\n\t\t<\/section>\n\t\t\t\t<\/div>\n\t\t","protected":false},"excerpt":{"rendered":"<p>Bez przemocy mo\u017cna trenowa\u0107 Bez przemocy mo\u017cna je\u017adzi\u0107 Bez przemocy mo\u017cna startowa\u0107 Bez przemocy mo\u017cna wygrywa\u0107 Koncepcja NVR czyli Non-violent Riding czerpie inspiracje przede wszystkim z podej\u015bcia Porozumienia bez Przemocy (NVC) Marshalla Rosenberga, Self-Reg Stuarda Shankera, oraz technik Mindfulness opracowanych przez Johna Kabat Zinna. &nbsp; Na NVR sk\u0142adaj\u0105 si\u0119 r\u00f3wnie\u017c m.in.: wnioski p\u0142yn\u0105ce ze wsp\u00f3\u0142czesnych&hellip;<\/p>\n","protected":false},"author":1,"featured_media":0,"parent":0,"menu_order":0,"comment_status":"closed","ping_status":"closed","template":"","meta":{"footnotes":""},"class_list":["post-2724","page","type-page","status-publish","hentry"],"_links":{"self":[{"href":"https:\/\/www.jezdziectwobezprzemocy.pl\/index.php\/wp-json\/wp\/v2\/pages\/2724","targetHints":{"allow":["GET"]}}],"collection":[{"href":"https:\/\/www.jezdziectwobezprzemocy.pl\/index.php\/wp-json\/wp\/v2\/pages"}],"about":[{"href":"https:\/\/www.jezdziectwobezprzemocy.pl\/index.php\/wp-json\/wp\/v2\/types\/page"}],"author":[{"embeddable":true,"href":"https:\/\/www.jezdziectwobezprzemocy.pl\/index.php\/wp-json\/wp\/v2\/users\/1"}],"replies":[{"embeddable":true,"href":"https:\/\/www.jezdziectwobezprzemocy.pl\/index.php\/wp-json\/wp\/v2\/comments?post=2724"}],"version-history":[{"count":33,"href":"https:\/\/www.jezdziectwobezprzemocy.pl\/index.php\/wp-json\/wp\/v2\/pages\/2724\/revisions"}],"predecessor-version":[{"id":3132,"href":"https:\/\/www.jezdziectwobezprzemocy.pl\/index.php\/wp-json\/wp\/v2\/pages\/2724\/revisions\/3132"}],"wp:attachment":[{"href":"https:\/\/www.jezdziectwobezprzemocy.pl\/index.php\/wp-json\/wp\/v2\/media?parent=2724"}],"curies":[{"name":"wp","href":"https:\/\/api.w.org\/{rel}","templated":true}]}}