{"id":2733,"date":"2023-02-12T17:59:30","date_gmt":"2023-02-12T17:59:30","guid":{"rendered":"http:\/\/jezdziectwobezprzemocy.pl\/?page_id=2733"},"modified":"2023-02-24T09:44:06","modified_gmt":"2023-02-24T09:44:06","slug":"niebieska-opaska","status":"publish","type":"page","link":"https:\/\/www.jezdziectwobezprzemocy.pl\/index.php\/niebieska-opaska\/","title":{"rendered":"TURKUSOWA OPASKA"},"content":{"rendered":"\t\t<div data-elementor-type=\"wp-page\" data-elementor-id=\"2733\" class=\"elementor elementor-2733\">\n\t\t\t\t\t\t<section class=\"elementor-section elementor-top-section elementor-element elementor-element-dfe6f5b elementor-section-boxed elementor-section-height-default elementor-section-height-default\" data-id=\"dfe6f5b\" data-element_type=\"section\" data-e-type=\"section\">\n\t\t\t\t\t\t<div class=\"elementor-container elementor-column-gap-default\">\n\t\t\t\t\t<div class=\"elementor-column elementor-col-100 elementor-top-column elementor-element elementor-element-f4a6886\" data-id=\"f4a6886\" data-element_type=\"column\" data-e-type=\"column\">\n\t\t\t<div class=\"elementor-widget-wrap elementor-element-populated\">\n\t\t\t\t\t\t<section class=\"elementor-section elementor-inner-section elementor-element elementor-element-85849cd elementor-section-boxed elementor-section-height-default elementor-section-height-default\" data-id=\"85849cd\" data-element_type=\"section\" data-e-type=\"section\">\n\t\t\t\t\t\t<div class=\"elementor-container elementor-column-gap-default\">\n\t\t\t\t\t<div class=\"elementor-column elementor-col-50 elementor-inner-column elementor-element elementor-element-c021cf1\" data-id=\"c021cf1\" data-element_type=\"column\" data-e-type=\"column\">\n\t\t\t<div class=\"elementor-widget-wrap elementor-element-populated\">\n\t\t\t\t\t\t<div class=\"elementor-element elementor-element-e0320b1 elementor-widget elementor-widget-image\" data-id=\"e0320b1\" data-element_type=\"widget\" data-e-type=\"widget\" data-widget_type=\"image.default\">\n\t\t\t\t<div class=\"elementor-widget-container\">\n\t\t\t\t\t\t\t\t\t\t\t\t\t\t\t<img fetchpriority=\"high\" decoding=\"async\" width=\"1024\" height=\"1024\" src=\"image\/gif;base64,R0lGODlhAQABAAAAACH5BAEKAAEALAAAAAABAAEAAAICTAEAOw==\" class=\"attachment-large size-large wp-image-2803 thb-lazyload lazyload\" alt=\"\" sizes=\"(max-width: 1024px) 100vw, 1024px\" data-src=\"https:\/\/www.jezdziectwobezprzemocy.pl\/wp-content\/uploads\/2023\/02\/2-1024x1024.jpg\" data-sizes=\"auto\" data-srcset=\"https:\/\/www.jezdziectwobezprzemocy.pl\/wp-content\/uploads\/2023\/02\/2-1024x1024.jpg 1024w, https:\/\/www.jezdziectwobezprzemocy.pl\/wp-content\/uploads\/2023\/02\/2-300x300.jpg 300w, https:\/\/www.jezdziectwobezprzemocy.pl\/wp-content\/uploads\/2023\/02\/2-150x150.jpg 150w, https:\/\/www.jezdziectwobezprzemocy.pl\/wp-content\/uploads\/2023\/02\/2-768x768.jpg 768w, https:\/\/www.jezdziectwobezprzemocy.pl\/wp-content\/uploads\/2023\/02\/2-180x180.jpg 180w, https:\/\/www.jezdziectwobezprzemocy.pl\/wp-content\/uploads\/2023\/02\/2-90x90.jpg 90w, https:\/\/www.jezdziectwobezprzemocy.pl\/wp-content\/uploads\/2023\/02\/2-370x370.jpg 370w, https:\/\/www.jezdziectwobezprzemocy.pl\/wp-content\/uploads\/2023\/02\/2-800x800.jpg 800w, https:\/\/www.jezdziectwobezprzemocy.pl\/wp-content\/uploads\/2023\/02\/2-20x20.jpg 20w, https:\/\/www.jezdziectwobezprzemocy.pl\/wp-content\/uploads\/2023\/02\/2-740x740.jpg 740w, https:\/\/www.jezdziectwobezprzemocy.pl\/wp-content\/uploads\/2023\/02\/2-600x600.jpg 600w, https:\/\/www.jezdziectwobezprzemocy.pl\/wp-content\/uploads\/2023\/02\/2-100x100.jpg 100w, https:\/\/www.jezdziectwobezprzemocy.pl\/wp-content\/uploads\/2023\/02\/2-48x48.jpg 48w\" \/>\t\t\t\t\t\t\t\t\t\t\t\t\t\t\t<\/div>\n\t\t\t\t<\/div>\n\t\t\t\t\t<\/div>\n\t\t<\/div>\n\t\t\t\t<div class=\"elementor-column elementor-col-50 elementor-inner-column elementor-element elementor-element-af2f7e6\" data-id=\"af2f7e6\" data-element_type=\"column\" data-e-type=\"column\">\n\t\t\t<div class=\"elementor-widget-wrap elementor-element-populated\">\n\t\t\t\t\t\t<div class=\"elementor-element elementor-element-1b51220 elementor-widget elementor-widget-text-editor\" data-id=\"1b51220\" data-element_type=\"widget\" data-e-type=\"widget\" data-widget_type=\"text-editor.default\">\n\t\t\t\t<div class=\"elementor-widget-container\">\n\t\t\t\t\t\t\t\t\t<p>Je\u015bli nasze warto\u015bci s\u0105 Ci bliskie i chcesz si\u0119 dzielic t\u0105 ide\u0105 z innymi no\u015b turkusow\u0105 opask\u0119.<\/p>\n<p>Dlaczego turkus? Poniewa\u017c jest \u0142adny \ud83d\ude42 a poza tym symbolizuje spok\u00f3j potrzebny do refleksji, ukojenie i prawd\u0119. Kojarzy si\u0119 z morzem i koj\u0105cym d\u017awi\u0119kiem fal, kt\u00f3ry cz\u0119sto b\u0119dzie pojawia\u0142 si\u0119 w naszych materia\u0142ach dla Was.<\/p>\n<p>Niebieski kojarzy si\u0119 te\u017c z dzia\u0142aniami antyprzemocowymi.<\/p>\n<p><strong>Opaska na d\u0142oni ma konkretne zadanie &#8211; przywo\u0142ywanie Ci\u0119 do tu i teraz, do oddechu, do d\u0105\u017cenia w stron\u0119 spokoju i harmonii podczas jazdy.<\/strong> To symbol, kt\u00f3ry ma byc dla Twojego m\u00f3zgu przywo\u0142ywaczem tego co dla Ciebie wa\u017cne, do Twoich warto\u015bci.<\/p>\n<p><strong>Pami\u0119taj, agresja i przemoc bior\u0105 si\u0119 z bezradno\u015bci.<\/strong> Z nami z pewno\u015bci\u0105 znajdziesz wiele sposob\u00f3w na to by nie czuc si\u0119 bezradnym w swoich emocjach.<\/p>\t\t\t\t\t\t\t\t<\/div>\n\t\t\t\t<\/div>\n\t\t\t\t\t<\/div>\n\t\t<\/div>\n\t\t\t\t\t<\/div>\n\t\t<\/section>\n\t\t\t\t\t<\/div>\n\t\t<\/div>\n\t\t\t\t\t<\/div>\n\t\t<\/section>\n\t\t\t\t<section class=\"elementor-section elementor-top-section elementor-element elementor-element-ce21958 elementor-section-boxed elementor-section-height-default elementor-section-height-default\" data-id=\"ce21958\" data-element_type=\"section\" data-e-type=\"section\">\n\t\t\t\t\t\t<div class=\"elementor-container elementor-column-gap-default\">\n\t\t\t\t\t<div class=\"elementor-column elementor-col-100 elementor-top-column elementor-element elementor-element-b33ddb5\" data-id=\"b33ddb5\" data-element_type=\"column\" data-e-type=\"column\">\n\t\t\t<div class=\"elementor-widget-wrap elementor-element-populated\">\n\t\t\t\t\t\t<div class=\"elementor-element elementor-element-15de8f7 elementor-widget elementor-widget-text-editor\" data-id=\"15de8f7\" data-element_type=\"widget\" data-e-type=\"widget\" data-widget_type=\"text-editor.default\">\n\t\t\t\t<div class=\"elementor-widget-container\">\n\t\t\t\t\t\t\t\t\t<h3>Opask\u0119 mo\u017cesz kupi\u0107 w naszym sklepiku!<\/h3>\t\t\t\t\t\t\t\t<\/div>\n\t\t\t\t<\/div>\n\t\t\t\t<div class=\"elementor-element elementor-element-7378370 elementor-align-center elementor-widget elementor-widget-button\" data-id=\"7378370\" data-element_type=\"widget\" data-e-type=\"widget\" data-widget_type=\"button.default\">\n\t\t\t\t<div class=\"elementor-widget-container\">\n\t\t\t\t\t\t\t\t\t<div class=\"elementor-button-wrapper\">\n\t\t\t\t\t<a class=\"elementor-button elementor-button-link elementor-size-lg\" href=\"http:\/\/jezdziectwo-bez-przemocy.myshopify.com\">\n\t\t\t\t\t\t<span class=\"elementor-button-content-wrapper\">\n\t\t\t\t\t\t\t\t\t<span class=\"elementor-button-text\">KUP OPASK\u0118<\/span>\n\t\t\t\t\t<\/span>\n\t\t\t\t\t<\/a>\n\t\t\t\t<\/div>\n\t\t\t\t\t\t\t\t<\/div>\n\t\t\t\t<\/div>\n\t\t\t\t\t<\/div>\n\t\t<\/div>\n\t\t\t\t\t<\/div>\n\t\t<\/section>\n\t\t\t\t<\/div>\n\t\t","protected":false},"excerpt":{"rendered":"<p>Je\u015bli nasze warto\u015bci s\u0105 Ci bliskie i chcesz si\u0119 dzielic t\u0105 ide\u0105 z innymi no\u015b turkusow\u0105 opask\u0119. Dlaczego turkus? Poniewa\u017c jest \u0142adny \ud83d\ude42 a poza tym symbolizuje spok\u00f3j potrzebny do refleksji, ukojenie i prawd\u0119. Kojarzy si\u0119 z morzem i koj\u0105cym d\u017awi\u0119kiem fal, kt\u00f3ry cz\u0119sto b\u0119dzie pojawia\u0142 si\u0119 w naszych materia\u0142ach dla Was. Niebieski kojarzy si\u0119&hellip;<\/p>\n","protected":false},"author":1,"featured_media":0,"parent":0,"menu_order":0,"comment_status":"closed","ping_status":"closed","template":"","meta":{"footnotes":""},"class_list":["post-2733","page","type-page","status-publish","hentry"],"_links":{"self":[{"href":"https:\/\/www.jezdziectwobezprzemocy.pl\/index.php\/wp-json\/wp\/v2\/pages\/2733","targetHints":{"allow":["GET"]}}],"collection":[{"href":"https:\/\/www.jezdziectwobezprzemocy.pl\/index.php\/wp-json\/wp\/v2\/pages"}],"about":[{"href":"https:\/\/www.jezdziectwobezprzemocy.pl\/index.php\/wp-json\/wp\/v2\/types\/page"}],"author":[{"embeddable":true,"href":"https:\/\/www.jezdziectwobezprzemocy.pl\/index.php\/wp-json\/wp\/v2\/users\/1"}],"replies":[{"embeddable":true,"href":"https:\/\/www.jezdziectwobezprzemocy.pl\/index.php\/wp-json\/wp\/v2\/comments?post=2733"}],"version-history":[{"count":7,"href":"https:\/\/www.jezdziectwobezprzemocy.pl\/index.php\/wp-json\/wp\/v2\/pages\/2733\/revisions"}],"predecessor-version":[{"id":2943,"href":"https:\/\/www.jezdziectwobezprzemocy.pl\/index.php\/wp-json\/wp\/v2\/pages\/2733\/revisions\/2943"}],"wp:attachment":[{"href":"https:\/\/www.jezdziectwobezprzemocy.pl\/index.php\/wp-json\/wp\/v2\/media?parent=2733"}],"curies":[{"name":"wp","href":"https:\/\/api.w.org\/{rel}","templated":true}]}}