{"id":2997,"date":"2023-03-03T09:17:50","date_gmt":"2023-03-03T09:17:50","guid":{"rendered":"http:\/\/jezdziectwobezprzemocy.pl\/?page_id=2997"},"modified":"2023-03-03T09:32:56","modified_gmt":"2023-03-03T09:32:56","slug":"elementor-2997","status":"publish","type":"page","link":"https:\/\/www.jezdziectwobezprzemocy.pl\/index.php\/elementor-2997\/","title":{"rendered":"Polityka prywatno\u015bci"},"content":{"rendered":"\t\t<div data-elementor-type=\"wp-page\" data-elementor-id=\"2997\" class=\"elementor elementor-2997\">\n\t\t\t\t\t\t<section class=\"elementor-section elementor-top-section elementor-element elementor-element-51d0a5d elementor-section-boxed elementor-section-height-default elementor-section-height-default\" data-id=\"51d0a5d\" data-element_type=\"section\" data-e-type=\"section\">\n\t\t\t\t\t\t<div class=\"elementor-container elementor-column-gap-default\">\n\t\t\t\t\t<div class=\"elementor-column elementor-col-100 elementor-top-column elementor-element elementor-element-1ce891c\" data-id=\"1ce891c\" data-element_type=\"column\" data-e-type=\"column\">\n\t\t\t<div class=\"elementor-widget-wrap elementor-element-populated\">\n\t\t\t\t\t\t<div class=\"elementor-element elementor-element-82e43d6 elementor-widget elementor-widget-text-editor\" data-id=\"82e43d6\" data-element_type=\"widget\" data-e-type=\"widget\" data-widget_type=\"text-editor.default\">\n\t\t\t\t<div class=\"elementor-widget-container\">\n\t\t\t\t\t\t\t\t\t<p>Polityka prywatno\u015bci<\/p><p>\u00a0<\/p><p>\u00a71 Postanowienia og\u00f3lne\u00a0<\/p><ol><li>Niniejsza Polityka prywatno\u015bci okre\u015bla zasady przetwarzania i ochrony danych osobowych Klient\u00f3w korzystaj\u0105cych ze sklepu internetowego dost\u0119pnego pod adresem http:\/\/jezdziectwobezprzemocy.pl (dalej jako \u201eSklep internetowy\u201d).<\/li><li>Niniejsza Polityka prywatno\u015bci stanowi wype\u0142nienie obowi\u0105zku informacyjnego spoczywaj\u0105cego na Administratorze zgodnie z art. 13 Rozporz\u0105dzenia Parlamentu Europejskiego i Rady (UE) 2016\/679 z dnia 27 kwietnia 2016 r. w sprawie ochrony os\u00f3b fizycznych w zwi\u0105zku z przetwarzaniem danych osobowych i w sprawie swobodnego przep\u0142ywu takich danych oraz uchylenia dyrektywy 95\/46\/WE (og\u00f3lne rozporz\u0105dzenie o ochronie danych osobowych) (dalej jako \u201eRODO\u201d).<\/li><\/ol><p>\u00a0<\/p><p>\u00a72 Administrator Danych Osobowych\u00a0<\/p><p>Administratorem Danych Osobowych Klient\u00f3w Sklepu internetowego jest firma:<\/p><p>Inself Rafa\u0142 Danielak<\/p><p>ul. Fosa 41 m 7<\/p><p>02-768 Warszawa<\/p><p>NIP: 811-174-1666<\/p><p><span class=\"Apple-converted-space\">\u00a0<\/span>(dalej jako \u201eAdministrator\u201d).<\/p><p>\u00a0<\/p><p>\u00a73 Dane kontaktowe\u00a0<\/p><p>Z Administratorem mo\u017cna skontaktowa\u0107 si\u0119 poprzez adres e-mail: <a href=\"mailto:kontakt@jezdziectwobezprzemocy.pl\">kontakt@jezdziectwobezprzemocy.pl<\/a><a href=\"mailto:kontakt@bebeconcept.pl\"><span class=\"Apple-converted-space\">\u00a0<\/span><\/a><\/p><p>\u00a0<\/p><p>\u00a74 Zasady przetwarzania danych osobowych\u00a0<\/p><ol><li>Administrator przetwarza dane osobowe Klient\u00f3w zgodnie z przepisami RODO.<\/li><li>Administrator stosuje, wymagane przez przepisy prawa unijnego \u015brodki techniczne i organizacyjne zapewniaj\u0105ce ochron\u0119 przetwarzanych danych osobowych i zabezpieczenie danych osobowych przed ich udost\u0119pnieniem osobom nieupowa\u017cnionym, przej\u0119ciem przez osoby nieuprawnione, przetwarzaniem z naruszeniem przepis\u00f3w oraz zmian\u0105, utrat\u0105 lub zniszczeniem.<\/li><li>Administrator o\u015bwiadcza, \u017ce podanie danych oznaczonych w Sklepie internetowym jako wymagane, jest dobrowolne, ale konieczne dla korzystania z funkcjonalno\u015bci, w tym dla za\u0142o\u017cenia i\u00a0prowadzenia konta Klienta oraz z\u0142o\u017cenia i realizacji zam\u00f3wienia.<\/li><\/ol><p>\u00a0<\/p><p>\u00a75 Cele i podstawy prawne przetwarzania danych osobowych\u00a0<\/p><ol><li>Dane osobowe Klient\u00f3w b\u0119d\u0105 przetwarzane w nast\u0119puj\u0105cych celach:<\/li><\/ol><p>a) prowadzenie konta Klienta w Sklepie internetowym i dostarczanie innych us\u0142ug \u015bwiadczonych drog\u0105 elektroniczn\u0105, na podstawie Regulaminu (art. 6 ust. 1 lit. b RODO),<\/p><p>b) realizacja zam\u00f3wie\u0144 w Sklepie internetowym (art. 6 ust. 1 lit. b i c RODO),<\/p><p>c) prowadzenie us\u0142ugi newslettera (art. 6 ust. 1 lit. a RODO),<\/p><p>d) marketing bezpo\u015bredni w\u0142asnych us\u0142ug i produkt\u00f3w, opr\u00f3cz us\u0142ugi newslettera, b\u0119d\u0105cy prawnie uzasadnionym interesem Administratora (art. 6 ust. 1 lit. a i f RODO),<\/p><p>e) udzielenie odpowiedzi na kontakt mailowy, telefoniczny lub wiadomo\u015b\u0107 przes\u0142an\u0105 poprzez chat online, co stanowi prawnie uzasadniony interes Administratora (art. 6 ust. 1 pkt f) RODO),<\/p><p>f) bada\u0144 analitycznych, polegaj\u0105cych w szczeg\u00f3lno\u015bci na badaniu i analizie ruchu na naszej stronie internetowej w celu prowadzenia statystyk, kt\u00f3ry jest prawnie uzasadnionym interesem Administratora (art. 6 ust. 1 lit. f RODO),<\/p><p>g) archiwalnych (dowodowych) na wypadek prawnej potrzeby wykazania fakt\u00f3w, kt\u00f3ry jest prawnie uzasadnionym interesem Administratora (art. 6 ust. 1 lit. f RODO),<\/p><p>h) ewentualnego ustalenia, dochodzenia lub obrony przed roszczeniami b\u0119d\u0105cych realizacj\u0105 prawnie uzasadnionego interesu Administratora (art. 6 ust. 1 lit. f RODO),<\/p><p>\u00a0<\/p><p>\u00a76 Okres przechowywania danych osobowych\u00a0<\/p><ol><li>Dane Klient\u00f3w b\u0119d\u0105 przechowywane przez nast\u0119puj\u0105cy okres:<\/li><li>dane dotycz\u0105ce \u015bwiadczenia us\u0142ug na podstawie Regulaminu &#8211; przez okres \u015bwiadczenia danej us\u0142ugi, chyba, \u017ce dalsze ich przechowywanie uzasadnione jest terminem przedawnienia roszcze\u0144 albo wynika z powszechnie obowi\u0105zuj\u0105cych przepis\u00f3w prawa,<\/li><li>dane zwi\u0105zane z realizacj\u0105 zam\u00f3wie\u0144 &#8211; przez okres 5 lat od zako\u0144czenia roku w kt\u00f3rym dokonano sprzeda\u017cy, chyba, \u017ce dalsze ich przechowywanie uzasadnione jest terminem przedawnienia roszcze\u0144,<\/li><li>prowadzenie us\u0142ugi newslettera \u2013 do momentu zrezygnowania z subskrypcji newslettera,<\/li><li>dane zwi\u0105zane z realizacj\u0105 dzia\u0142a\u0144 marketingowych \u2013 do momentu zg\u0142oszenia sprzeciwu,<\/li><li>dane zwi\u0105zane z udzieleniem odpowiedzi na kontakt mailowy, telefoniczny lub wiadomo\u015b\u0107 przes\u0142an\u0105 poprzez chat online \u2013 do momentu prowadzenia korespondencji lub wycofania udzielonej zgody, chyba \u017ce dalsze przechowywanie danych uzasadnione jest nadrz\u0119dnym interesem Administratora, w postaci np. obrony przed ewentualnymi roszczeniami,<\/li><li>prowadzenie statystyk \u2013 do momentu zg\u0142oszenia sprzeciwu, nie d\u0142u\u017cej jednak ni\u017c przez okres 50 miesi\u0119cy od czasu ostatniej aktywno\u015bci Klienta na stronie internetowej<\/li><li>cele archiwalne \u2013 przez okres niezb\u0119dny do realizacji tego celu,<\/li><li>ustalenia, dochodzenia lub obrony przed roszczeniami &#8211; przez okres niezb\u0119dny do realizacji tego celu,<\/li><\/ol><p>\u00a0<\/p><p>\u00a77 Kategorie danych osobowych\u00a0<\/p><ol><li>Administrator zbiera, przetwarza i przechowuje nast\u0119puj\u0105ce dane Klient\u00f3w:<ol><li>w zwi\u0105zku z za\u0142o\u017ceniem konta Klienta: imi\u0119, nazwisko, adres e-mail oraz pozosta\u0142e dane wprowadzone w ramach konta Klienta,<\/li><li>w zwi\u0105zku ze z\u0142o\u017ceniem zam\u00f3wienia: adres e-mail, imi\u0119 i nazwisko, adres, telefon, a w przypadku przedsi\u0119biorc\u00f3w r\u00f3wnie\u017c firma i NIP,<\/li><li>w zwi\u0105zku z kontaktem mailowym, telefonicznym lub poprzez chat online: adres e-mail, imi\u0119 i nazwisko oraz numer telefonu,<\/li><li>w zwi\u0105zku ze \u015bwiadczeniem us\u0142ugi newslettera: adres e-mail.<\/li><\/ol><\/li><li>W pozosta\u0142ym zakresie Administrator przetwarza wy\u0142\u0105cznie dane niezb\u0119dne do realizacji danego celu.<\/li><li>Podczas korzystania ze Sklepu internetowego Administrator zbiera i gromadzi w spos\u00f3b automatyczny informacje takie jak: adres IP, adres URL \u017c\u0105dania, identyfikator urz\u0105dzenia, ilo\u015b\u0107 czasu sp\u0119dzonego na poszczeg\u00f3lnych stronach, typ przegl\u0105darki, j\u0119zyk przegl\u0105darki, data i\u00a0godzina korzystania z serwisu, rozdzielczo\u015b\u0107 ekranu, typ i wersja systemu operacyjnego, a tak\u017ce inne tego typu informacje.<\/li><\/ol><p>\u00a0<\/p><p>\u00a78 Pliki cookies\u00a0<\/p><ol><li>Sklep Internetowy u\u017cywa niewielkich plik\u00f3w, zwanych cookies. Zapisywane s\u0105 one na urz\u0105dzeniu ko\u0144cowym osoby odwiedzaj\u0105cej Sklep Internetowy.<\/li><li>Pliki cookies stanowi\u0105 dane informatyczne, w szczeg\u00f3lno\u015bci pliki tekstowe, kt\u00f3re przechowywane s\u0105 w urz\u0105dzeniu ko\u0144cowym Klienta i przeznaczone s\u0105 do korzystania ze Sklepu internetowego. Cookies zazwyczaj zawieraj\u0105 nazw\u0119 strony internetowej, z kt\u00f3rej pochodz\u0105, czas przechowywania ich na urz\u0105dzeniu ko\u0144cowym oraz unikalny numer.<\/li><li>Pliki cookies wykorzystywane s\u0105 w nast\u0119puj\u0105cym celu:<ol><li>rozpoznanie urz\u0105dzenia u\u017cywanego przez Klienta w celu odpowiedniego wy\u015bwietlenia zawarto\u015bci strony,<\/li><li>tworzenie statystyk, kt\u00f3re pomagaj\u0105 zrozumie\u0107, w jaki spos\u00f3b Klienci korzystaj\u0105 ze stron internetowych, co umo\u017cliwia ulepszenie ich struktury i zawarto\u015bci,<\/li><li>utrzymanie sesji Klienta Sklepu internetowego, dzi\u0119ki kt\u00f3rej Klient nie musi na ka\u017cdej podstronie Sklepu internetowego ponownie wpisywa\u0107 loginu i has\u0142a,<\/li><li>dostosowanie zawarto\u015bci i funkcjonowania Sklepu internetowego, poprzez dopasowanie anonimowego, losowo wygenerowanego identyfikatora \u015bledz\u0105cego, dzi\u0119ki kt\u00f3remu mo\u017cliwe jest m.in. sprawdzenie sk\u0105d pochodzi Klient, z jakiej wyszukiwarki korzysta\u0142, na jaki link klikn\u0105\u0142, jakie s\u0142owa kluczowe wpisa\u0142 oraz w kt\u00f3rym momencie przesta\u0142 korzysta\u0107 ze Sklepu internetowego,<\/li><\/ol><\/li><li>Przegl\u0105darki internetowe zazwyczaj domy\u015blnie dopuszczaj\u0105 przechowywanie plik\u00f3w cookies w urz\u0105dzeniu ko\u0144cowym Klienta. Klienci mog\u0105 dokona\u0107 zmiany ustawie\u0144 w tym zakresie. Przegl\u0105darka internetowa umo\u017cliwia usuni\u0119cie przechowywanych plik\u00f3w cookies, a tak\u017ce automatyczne ich blokowanie. Korzystanie ze Sklepu internetowego bez zmiany ustawie\u0144 dotycz\u0105cych cookies w przegl\u0105darce oznacza akceptacj\u0119 plik\u00f3w cookies, co b\u0119dzie skutkowa\u0142o zapisywaniem ich na urz\u0105dzeniach Klienta. Szczeg\u00f3\u0142owe informacje na ten temat zawiera pomoc lub dokumentacja przegl\u0105darki internetowej.<\/li><li>Sklep internetowy korzysta z narz\u0119dzi marketingowych i analitycznych innych dostawc\u00f3w, kt\u00f3rzy w Sklepie internetowym stosuj\u0105 pliki cookies. Dostawcami tych narz\u0119dzi s\u0105 przede wszystkim Google Ireland Limited (Google Analytics, Google Ads, Google Search Console) oraz Facebook Ireland Limited (Facebook Pixel).Ta strona internetowa wykorzystuje tak\u017ce dodatkowe funkcje Google Analytics (Funkcje Reklamowe Google Analytics). Mo\u017cesz to zmieni\u0107 nie tylko poprzez wy\u017cej wspomniane odpowiednie ustawienia przegl\u0105darki internetowej, ale r\u00f3wnie\u017c poprzez ustawienia preferencji reklam Google. Wi\u0119cej informacji na temat plik\u00f3w cookies wy\u017cej wymienionych podmiot\u00f3w znajduje si\u0119 w ich politykach prywatno\u015bci. Niekt\u00f3rzy z wy\u017cej wymienionych dostawc\u00f3w mog\u0105 przechowywa\u0107 dane Klient\u00f3w poza Europejskim Obszarem Gospodarczym. W takich sytuacjach Twoje dane b\u0119d\u0105 przekazane wy\u0142\u0105cznie do pa\u0144stw, kt\u00f3re zapewniaj\u0105 adekwatny stopie\u0144 ochrony, a do pa\u0144stw, kt\u00f3re nie zapewniaj\u0105 adekwatnego stopnia ochrony, jedynie w przypadku zapewnienia odpowiednich zabezpiecze\u0144, w tym m.in. na podstawie standardowych klauzul umownych przyj\u0119tych przez Komisj\u0119 Europejsk\u0105.<\/li><\/ol><p>\u00a79 Udost\u0119pnianie danych<\/p><ol><li>Dane osobowe Klient\u00f3w mog\u0105 by\u0107 przekazywane podmiotom, kt\u00f3rym Administrator powierza do przetwarzania dane osobowe na podstawie um\u00f3w oraz podmiotom uprawnionym do uzyskania danych osobowych na podstawie przepis\u00f3w prawa.<\/li><li>W celu realizacji umowy zawartej za po\u015brednictwem Sklepu internetowego oraz zapewnienia prawid\u0142owego funkcjonowania Sklepu, Administrator udost\u0119pnia dane osobowe Klient\u00f3w w szczeg\u00f3lno\u015bci podmiotom \u015bwiadcz\u0105cym us\u0142ugi:<ol><li>pocztowe, spedycyjne i kurierskie oraz obs\u0142ugi zam\u00f3wie\u0144,<\/li><li>p\u0142atno\u015bci elektronicznych,<\/li><li>ksi\u0119gowe,<\/li><li>hostingowe,<\/li><li>informatyczne i w zakresie dostawy oprogramowania oraz narz\u0119dzi s\u0142u\u017c\u0105cych w szczeg\u00f3lno\u015bci do prowadzenia bada\u0144 analitycznych, tworzenia statystyk, \u015bledzenia ruchu na naszej stronie internetowej, automatyzacji marketingu, systemy CRM,<\/li><li>marketingowe w zakresie obs\u0142ugi sklepu internetowego,<\/li><\/ol><\/li><li>Podmioty \u015bwiadcz\u0105ce us\u0142ugi dla Administratora mog\u0105 przechowywa\u0107 dane Klient\u00f3w poza Europejskim Obszarem Gospodarczym. W takich sytuacjach dane U\u017cytkownik\u00f3w b\u0119d\u0105 przekazane wy\u0142\u0105cznie do pa\u0144stw, kt\u00f3re zapewniaj\u0105 adekwatny stopie\u0144 ochrony, a do pa\u0144stw, kt\u00f3re nie zapewniaj\u0105 adekwatnego stopnia ochrony, jedynie w przypadku zapewnienia odpowiednich zabezpiecze\u0144, w tym m.in. na podstawie standardowych klauzul umownych przyj\u0119tych przez Komisj\u0119 Europejsk\u0105.<\/li><\/ol><p>\u00a0<\/p><p>\u00a710 Uprawnienia Klient\u00f3w\u00a0<\/p><ol><li>Klientowi przys\u0142uguje prawo dost\u0119pu do jego danych oraz prawo \u017c\u0105dania ich sprostowania, usuni\u0119cia lub ograniczenia przetwarzania. W zakresie, w jakim podstaw\u0105 przetwarzania danych osobowych jest przes\u0142anka prawnie uzasadnionego interesu administratora, Klientowi przys\u0142uguje prawo wniesienia sprzeciwu wobec przetwarzania jego danych osobowych.<\/li><li>W zakresie, w jakim podstaw\u0105 przetwarzania danych osobowych Klienta jest zgoda, Klient ma prawo wycofania zgody. Wycofanie zgody nie ma wp\u0142ywu na zgodno\u015b\u0107 z prawem przetwarzania, kt\u00f3rego dokonano na podstawie zgody przed jej wycofaniem.<\/li><li>W zakresie, w jakim dane Klienta s\u0105 przetwarzane w celu zawarcia i wykonywania Umowy lub przetwarzane na podstawie zgody \u2013 Klientowi przys\u0142uguje tak\u017ce prawo do przenoszenia danych osobowych, tj. do otrzymania od administratora danych osobowych, w ustrukturyzowanym, powszechnie u\u017cywanym formacie nadaj\u0105cym si\u0119 do odczytu maszynowego. Klient mo\u017ce przes\u0142a\u0107 te dane innemu administratorowi danych.<\/li><li>Klientowi przys\u0142uguje r\u00f3wnie\u017c prawo wniesienia skargi do organu nadzorczego zajmuj\u0105cego si\u0119 ochron\u0105 danych osobowych.\u00a0<\/li><\/ol>\t\t\t\t\t\t\t\t<\/div>\n\t\t\t\t<\/div>\n\t\t\t\t\t<\/div>\n\t\t<\/div>\n\t\t\t\t\t<\/div>\n\t\t<\/section>\n\t\t\t\t<\/div>\n\t\t","protected":false},"excerpt":{"rendered":"<p>Polityka prywatno\u015bci \u00a0 \u00a71 Postanowienia og\u00f3lne\u00a0 Niniejsza Polityka prywatno\u015bci okre\u015bla zasady przetwarzania i ochrony danych osobowych Klient\u00f3w korzystaj\u0105cych ze sklepu internetowego dost\u0119pnego pod adresem http:\/\/jezdziectwobezprzemocy.pl (dalej jako \u201eSklep internetowy\u201d). Niniejsza Polityka prywatno\u015bci stanowi wype\u0142nienie obowi\u0105zku informacyjnego spoczywaj\u0105cego na Administratorze zgodnie z art. 13 Rozporz\u0105dzenia Parlamentu Europejskiego i Rady (UE) 2016\/679 z dnia 27 kwietnia 2016&hellip;<\/p>\n","protected":false},"author":3,"featured_media":0,"parent":0,"menu_order":0,"comment_status":"closed","ping_status":"closed","template":"","meta":{"footnotes":""},"class_list":["post-2997","page","type-page","status-publish","hentry"],"_links":{"self":[{"href":"https:\/\/www.jezdziectwobezprzemocy.pl\/index.php\/wp-json\/wp\/v2\/pages\/2997","targetHints":{"allow":["GET"]}}],"collection":[{"href":"https:\/\/www.jezdziectwobezprzemocy.pl\/index.php\/wp-json\/wp\/v2\/pages"}],"about":[{"href":"https:\/\/www.jezdziectwobezprzemocy.pl\/index.php\/wp-json\/wp\/v2\/types\/page"}],"author":[{"embeddable":true,"href":"https:\/\/www.jezdziectwobezprzemocy.pl\/index.php\/wp-json\/wp\/v2\/users\/3"}],"replies":[{"embeddable":true,"href":"https:\/\/www.jezdziectwobezprzemocy.pl\/index.php\/wp-json\/wp\/v2\/comments?post=2997"}],"version-history":[{"count":5,"href":"https:\/\/www.jezdziectwobezprzemocy.pl\/index.php\/wp-json\/wp\/v2\/pages\/2997\/revisions"}],"predecessor-version":[{"id":3011,"href":"https:\/\/www.jezdziectwobezprzemocy.pl\/index.php\/wp-json\/wp\/v2\/pages\/2997\/revisions\/3011"}],"wp:attachment":[{"href":"https:\/\/www.jezdziectwobezprzemocy.pl\/index.php\/wp-json\/wp\/v2\/media?parent=2997"}],"curies":[{"name":"wp","href":"https:\/\/api.w.org\/{rel}","templated":true}]}}