{"id":3109,"date":"2023-03-04T23:38:07","date_gmt":"2023-03-04T23:38:07","guid":{"rendered":"http:\/\/jezdziectwobezprzemocy.pl\/?page_id=3109"},"modified":"2023-03-05T00:01:15","modified_gmt":"2023-03-05T00:01:15","slug":"poziomy-nvr","status":"publish","type":"page","link":"https:\/\/www.jezdziectwobezprzemocy.pl\/index.php\/poziomy-nvr\/","title":{"rendered":"POZIOMY NVR"},"content":{"rendered":"\n<p class=\"has-text-align-left\">Przygotowa\u0142y\u015bmy dla Was szkolenia na 4 stopniach zaawansowania, kt\u00f3re okre\u015blaj\u0105 poziom wgl\u0105du jaki macie w rozumienie swoich emocji i \u015bwiadomo\u015bc tego co kieruje Wami, co kieruje koniem i wiele innych. <\/p>\n\n\n<div class=\"wp-block-image\">\n<figure class=\"aligncenter size-large\"><img fetchpriority=\"high\" decoding=\"async\" width=\"1024\" height=\"576\" src=\"data:image\/gif;base64,R0lGODlhAQABAAAAACH5BAEKAAEALAAAAAABAAEAAAICTAEAOw==\" data-src=\"http:\/\/jezdziectwobezprzemocy.pl\/wp-content\/uploads\/2023\/03\/POZIOM-1-NVR-prezentacja-1024x576.png\" alt=\"\" class=\"wp-image-3123 lazyload\" data-sizes=\"auto\" data-srcset=\"https:\/\/www.jezdziectwobezprzemocy.pl\/wp-content\/uploads\/2023\/03\/POZIOM-1-NVR-prezentacja-1024x576.png 1024w, https:\/\/www.jezdziectwobezprzemocy.pl\/wp-content\/uploads\/2023\/03\/POZIOM-1-NVR-prezentacja-300x169.png 300w, https:\/\/www.jezdziectwobezprzemocy.pl\/wp-content\/uploads\/2023\/03\/POZIOM-1-NVR-prezentacja-768x432.png 768w, https:\/\/www.jezdziectwobezprzemocy.pl\/wp-content\/uploads\/2023\/03\/POZIOM-1-NVR-prezentacja-370x208.png 370w, https:\/\/www.jezdziectwobezprzemocy.pl\/wp-content\/uploads\/2023\/03\/POZIOM-1-NVR-prezentacja-800x450.png 800w, https:\/\/www.jezdziectwobezprzemocy.pl\/wp-content\/uploads\/2023\/03\/POZIOM-1-NVR-prezentacja-20x11.png 20w, https:\/\/www.jezdziectwobezprzemocy.pl\/wp-content\/uploads\/2023\/03\/POZIOM-1-NVR-prezentacja-740x416.png 740w, https:\/\/www.jezdziectwobezprzemocy.pl\/wp-content\/uploads\/2023\/03\/POZIOM-1-NVR-prezentacja-600x338.png 600w, https:\/\/www.jezdziectwobezprzemocy.pl\/wp-content\/uploads\/2023\/03\/POZIOM-1-NVR-prezentacja-85x48.png 85w\" sizes=\"(max-width: 1024px) 100vw, 1024px\" \/><\/figure>\n<\/div>\n\n\n<p><strong>What? &#8211; to poziom 1<\/strong> &#8211; pocz\u0105tek Twojej drogi w kt\u00f3rym dowiesz si\u0119 r\u00f3\u017cnych rzeczy, kt\u00f3rych prawdopodobnie jeszcze do tej pory nie widzia\u0142e\u015b\/a\u015b. Podczas 4 szkole\u0144 na pierwszym etapie zg\u0142\u0119bisz temat 4 krok\u00f3w w oparciu o Komunikacj\u0119 bazuj\u0105c\u0105 na empatii. <\/p>\n\n\n\n<p><strong>How? &#8211; to poziom 2<\/strong>  na kt\u00f3rym zaczniesz powoli przygl\u0105dac si\u0119 temu co Tob\u0105 kieruje, jakie emocje ujawniaj\u0105 si\u0119 w relacji z koniem i w trudno\u015bciach, kt\u00f3re prze\u017cywasz i jakie potrzeby i przekonania za tym stoj\u0105, oraz to co stoi za efektywn\u0105 regulacj\u0105 emocji u konia i u je\u017ad\u017aca. Podczas kolejnych 4 szkole\u0144 dowiesz si\u0119 wi\u0119cej o sobie i b\u0119dziesz cwiczyc na w\u0142asnych trudno\u015bciach. <\/p>\n\n\n\n<p><strong>Aha! &#8211; to poziom 3<\/strong> na kt\u00f3rym ju\u017c do\u015bc dobrze b\u0119dziesz rozeznany w teorii i zaczniesz widziec co si\u0119 dzieje w relacji z Tob\u0105 i z koniem, oraz b\u0119dziesz powoli widziec zmian\u0119, kt\u00f3ra zachodzi gdy robisz prac\u0119 sam\/a nad sob\u0105 i rozpoznaj\u0105c to co dzieje si\u0119 z koniem. Tutaj przechodzimy do czystej praktyki, warsztat\u00f3w i superwizji. <\/p>\n\n\n\n<p><strong>Wow! &#8211; to poziom 4<\/strong> &#8211; poziom trenerski gdzie sam\/a b\u0119dziesz m\u00f3g\u0142\/mog\u0142a zostac trenerem NVR po uprzedniej superwizji swojej pracy. <\/p>\n\n\n\n<p>Ta \u015bcie\u017cka to nie tylko ustrukturyzowana praca nad sob\u0105 w je\u017adziectwie, ale niezwykle wgl\u0105dowa praca na w\u0142asnych emocjach kt\u00f3ra prze\u0142o\u017cy si\u0119 na ca\u0142e Twoje \u017cycie. <\/p>\n","protected":false},"excerpt":{"rendered":"<p>Przygotowa\u0142y\u015bmy dla Was szkolenia na 4 stopniach zaawansowania, kt\u00f3re okre\u015blaj\u0105 poziom wgl\u0105du jaki macie w rozumienie swoich emocji i \u015bwiadomo\u015bc tego co kieruje Wami, co kieruje koniem i wiele innych. What? &#8211; to poziom 1 &#8211; pocz\u0105tek Twojej drogi w kt\u00f3rym dowiesz si\u0119 r\u00f3\u017cnych rzeczy, kt\u00f3rych prawdopodobnie jeszcze do tej pory nie widzia\u0142e\u015b\/a\u015b. Podczas 4&hellip;<\/p>\n","protected":false},"author":1,"featured_media":0,"parent":0,"menu_order":0,"comment_status":"closed","ping_status":"closed","template":"","meta":{"footnotes":""},"class_list":["post-3109","page","type-page","status-publish","hentry"],"_links":{"self":[{"href":"https:\/\/www.jezdziectwobezprzemocy.pl\/index.php\/wp-json\/wp\/v2\/pages\/3109","targetHints":{"allow":["GET"]}}],"collection":[{"href":"https:\/\/www.jezdziectwobezprzemocy.pl\/index.php\/wp-json\/wp\/v2\/pages"}],"about":[{"href":"https:\/\/www.jezdziectwobezprzemocy.pl\/index.php\/wp-json\/wp\/v2\/types\/page"}],"author":[{"embeddable":true,"href":"https:\/\/www.jezdziectwobezprzemocy.pl\/index.php\/wp-json\/wp\/v2\/users\/1"}],"replies":[{"embeddable":true,"href":"https:\/\/www.jezdziectwobezprzemocy.pl\/index.php\/wp-json\/wp\/v2\/comments?post=3109"}],"version-history":[{"count":8,"href":"https:\/\/www.jezdziectwobezprzemocy.pl\/index.php\/wp-json\/wp\/v2\/pages\/3109\/revisions"}],"predecessor-version":[{"id":3127,"href":"https:\/\/www.jezdziectwobezprzemocy.pl\/index.php\/wp-json\/wp\/v2\/pages\/3109\/revisions\/3127"}],"wp:attachment":[{"href":"https:\/\/www.jezdziectwobezprzemocy.pl\/index.php\/wp-json\/wp\/v2\/media?parent=3109"}],"curies":[{"name":"wp","href":"https:\/\/api.w.org\/{rel}","templated":true}]}}