{"id":3203,"date":"2025-08-20T11:44:00","date_gmt":"2025-08-20T11:44:00","guid":{"rendered":"http:\/\/www.jezdziectwobezprzemocy.pl\/?page_id=3203"},"modified":"2025-08-20T11:44:10","modified_gmt":"2025-08-20T11:44:10","slug":"moja-historia","status":"publish","type":"page","link":"https:\/\/www.jezdziectwobezprzemocy.pl\/index.php\/moja-historia\/","title":{"rendered":"MOJA HISTORIA"},"content":{"rendered":"\n<p>Jestem\u00a0psycholo\u017ck\u0105 sportow\u0105 i psychoterapeutk\u0105<\/p>\n\n\n\n<p>Wspieram doros\u0142ych i m\u0142odzie\u017c pracuj\u0105c w nurcie do\u015bwiadczeniowym i EFT.<\/p>\n\n\n\n<p>Wierz\u0119, \u017ce je\u015bli mamy umiej\u0119tno\u015b\u0107 reflektowania nad tym co robimy i m\u00f3wimy, mo\u017cemy wiele poprawi\u0107 w swoim \u017cyciu.<\/p>\n\n\n\n<p>Nad czym mo\u017cemy razem pracowa\u0107?<\/p>\n\n\n\n<ul class=\"wp-block-list\">\n<li>prowadz\u0119 webinary i warsztaty dla os\u00f3b uprawiaj\u0105cych je\u017adziectwo &#8211; dzieci, m\u0142odzie\u017cy i doros\u0142ych<\/li>\n\n\n\n<li>zapraszam Ci\u0119 r\u00f3wnie\u017c na spotkanie gdy jeste\u015b rodzicem dziecka w sporcie<\/li>\n\n\n\n<li>pomagam osobom, kt\u00f3re prze\u017cywaj\u0105 l\u0119k i stres w sytuacjach startowych<\/li>\n\n\n\n<li>zapraszam Ci\u0119 r\u00f3wnie\u017c na spotkanie gdy jeste\u015b rodzicem dziecka w sporcie<\/li>\n\n\n\n<li>pomagam zawodnikom wprowadza\u0107 w ich \u017cycie trening mentalny jako uzupe\u0142nienie ich normalnego funkcjonowania zamieniaj\u0105c ich w prawdziwych profesjonalist\u00f3w<\/li>\n\n\n\n<li>w najbli\u017cszym czasie zamierzam otworzy\u0107 mo\u017cliwo\u015b\u0107 zapisu do grupy rozwojowej <\/li>\n<\/ul>\n\n\n\n<p>Uko\u0144czy\u0142am psychologi\u0119 na\u00a0Uniwersytecie SWPS w Warszawie, nast\u0119pnie uko\u0144czy\u0142am 4-letni\u0105 Szko\u0142\u0119 Psychoterapii Intra, oraz studia podyplomowe z psychologii sportu oraz psychologii zwierz\u0105t. R\u00f3wnolegle studiowa\u0142am hodowl\u0119 koni na warszawskim SGGW. Do\u015bwiadczenie zawodowe w pracy psychologa zdobywa\u0142am pracuj\u0105c przez kilka lat w Instytucie Psychiatrii i Neurologii na Sobieskiego oraz w Poradni Pro Psyche. Od pocz\u0105tku swojej drogi zawodowej pracowa\u0142am z je\u017ad\u017acami. Za mn\u0105 ju\u017c 16 lat do\u015bwiadczenia w tej pracy. <\/p>\n\n\n\n<p>Prywatnie jestem mam\u0105 i kumpel\u0105 konia o imieniu Arizona. Kocham je\u017adziectwo, nurkowanie g\u0142\u0119binowe i \u017ceglarstwo.<\/p>\n\n\n\n<p>Przekonanie kt\u00f3re mnie wspiera w mojej drodze zawodowej to:<\/p>\n\n\n\n<p><em>Nie ma rzeczy niemo\u017cliwych do zmiany, bo zawsze mo\u017cna zmieni\u0107 spos\u00f3b my\u015blenia o nich<\/em><\/p>\n\n\n\n<p><strong>Przyjmuj\u0119 w:<\/strong><\/p>\n\n\n\n<p><strong>Przestrzeni na Pradze<\/strong>&nbsp;\u2013 w poniedzia\u0142ki od 14:00 do 20:00, oraz \u015brody od 10:00 do 15:00<\/p>\n\n\n\n<p><strong>Poradni MeWell na \u017boliborzu<\/strong>&nbsp;\u2013 w czwartki od 13:00 do 21:00<\/p>\n","protected":false},"excerpt":{"rendered":"<p>Jestem\u00a0psycholo\u017ck\u0105 sportow\u0105 i psychoterapeutk\u0105 Wspieram doros\u0142ych i m\u0142odzie\u017c pracuj\u0105c w nurcie do\u015bwiadczeniowym i EFT. Wierz\u0119, \u017ce je\u015bli mamy umiej\u0119tno\u015b\u0107 reflektowania nad tym co robimy i m\u00f3wimy, mo\u017cemy wiele poprawi\u0107 w swoim \u017cyciu. Nad czym mo\u017cemy razem pracowa\u0107? Uko\u0144czy\u0142am psychologi\u0119 na\u00a0Uniwersytecie SWPS w Warszawie, nast\u0119pnie uko\u0144czy\u0142am 4-letni\u0105 Szko\u0142\u0119 Psychoterapii Intra, oraz studia podyplomowe z psychologii sportu&hellip;<\/p>\n","protected":false},"author":1,"featured_media":0,"parent":0,"menu_order":0,"comment_status":"closed","ping_status":"closed","template":"","meta":{"footnotes":""},"class_list":["post-3203","page","type-page","status-publish","hentry"],"_links":{"self":[{"href":"https:\/\/www.jezdziectwobezprzemocy.pl\/index.php\/wp-json\/wp\/v2\/pages\/3203","targetHints":{"allow":["GET"]}}],"collection":[{"href":"https:\/\/www.jezdziectwobezprzemocy.pl\/index.php\/wp-json\/wp\/v2\/pages"}],"about":[{"href":"https:\/\/www.jezdziectwobezprzemocy.pl\/index.php\/wp-json\/wp\/v2\/types\/page"}],"author":[{"embeddable":true,"href":"https:\/\/www.jezdziectwobezprzemocy.pl\/index.php\/wp-json\/wp\/v2\/users\/1"}],"replies":[{"embeddable":true,"href":"https:\/\/www.jezdziectwobezprzemocy.pl\/index.php\/wp-json\/wp\/v2\/comments?post=3203"}],"version-history":[{"count":1,"href":"https:\/\/www.jezdziectwobezprzemocy.pl\/index.php\/wp-json\/wp\/v2\/pages\/3203\/revisions"}],"predecessor-version":[{"id":3204,"href":"https:\/\/www.jezdziectwobezprzemocy.pl\/index.php\/wp-json\/wp\/v2\/pages\/3203\/revisions\/3204"}],"wp:attachment":[{"href":"https:\/\/www.jezdziectwobezprzemocy.pl\/index.php\/wp-json\/wp\/v2\/media?parent=3203"}],"curies":[{"name":"wp","href":"https:\/\/api.w.org\/{rel}","templated":true}]}}